{"id":271,"date":"2022-09-12T20:32:44","date_gmt":"2022-09-12T20:32:44","guid":{"rendered":"https:\/\/intelligent-chatelet.51-83-109-90.plesk.page\/?page_id=271"},"modified":"2023-05-16T12:54:06","modified_gmt":"2023-05-16T10:54:06","slug":"histoire-du-musee","status":"publish","type":"page","link":"https:\/\/lamallemaubeugeoise.fr\/index.php\/histoire-du-musee\/","title":{"rendered":"Histoire du mus\u00e9e"},"content":{"rendered":"\t\t<div data-elementor-type=\"wp-page\" data-elementor-id=\"271\" class=\"elementor elementor-271\" data-elementor-post-type=\"page\">\n\t\t\t\t\t\t<section class=\"elementor-section elementor-top-section elementor-element elementor-element-62b59098 elementor-section-height-min-height elementor-section-items-stretch elementor-section-content-middle elementor-section-boxed elementor-section-height-default\" data-id=\"62b59098\" data-element_type=\"section\" data-e-type=\"section\" data-settings=\"{&quot;background_background&quot;:&quot;classic&quot;}\">\n\t\t\t\t\t\t<div class=\"elementor-container elementor-column-gap-no\">\n\t\t\t\t\t<div class=\"elementor-column elementor-col-100 elementor-top-column elementor-element elementor-element-2d482a55\" data-id=\"2d482a55\" data-element_type=\"column\" data-e-type=\"column\">\n\t\t\t<div class=\"elementor-widget-wrap elementor-element-populated\">\n\t\t\t\t\t\t<div class=\"elementor-element elementor-element-251a4c24 elementor-widget elementor-widget-heading\" data-id=\"251a4c24\" data-element_type=\"widget\" data-e-type=\"widget\" data-widget_type=\"heading.default\">\n\t\t\t\t<div class=\"elementor-widget-container\">\n\t\t\t\t\t<h1 class=\"elementor-heading-title elementor-size-default\">Maubeuge, ville d'Art et de Culture<\/h1>\t\t\t\t<\/div>\n\t\t\t\t<\/div>\n\t\t\t\t\t<\/div>\n\t\t<\/div>\n\t\t\t\t\t<\/div>\n\t\t<\/section>\n\t\t\t\t<section class=\"elementor-section elementor-top-section elementor-element elementor-element-6573f1f6 elementor-section-full_width elementor-section-content-middle elementor-reverse-tablet elementor-reverse-mobile elementor-section-height-default elementor-section-height-default\" data-id=\"6573f1f6\" data-element_type=\"section\" data-e-type=\"section\">\n\t\t\t\t\t\t<div class=\"elementor-container elementor-column-gap-no\">\n\t\t\t\t\t<div class=\"elementor-column elementor-col-100 elementor-top-column elementor-element elementor-element-6515932a\" data-id=\"6515932a\" data-element_type=\"column\" data-e-type=\"column\">\n\t\t\t<div class=\"elementor-widget-wrap elementor-element-populated\">\n\t\t\t\t\t\t<div class=\"elementor-element elementor-element-60c1eaf elementor-widget elementor-widget-heading\" data-id=\"60c1eaf\" data-element_type=\"widget\" data-e-type=\"widget\" data-widget_type=\"heading.default\">\n\t\t\t\t<div class=\"elementor-widget-container\">\n\t\t\t\t\t<h2 class=\"elementor-heading-title elementor-size-default\">Histoire du mus\u00e9e<\/h2>\t\t\t\t<\/div>\n\t\t\t\t<\/div>\n\t\t\t\t<div class=\"elementor-element elementor-element-3b83203c elementor-widget elementor-widget-text-editor\" data-id=\"3b83203c\" data-element_type=\"widget\" data-e-type=\"widget\" data-widget_type=\"text-editor.default\">\n\t\t\t\t<div class=\"elementor-widget-container\">\n\t\t\t\t\t\t\t\t\t<p>C\u2019est en 1878, suite au succ\u00e8s d\u2019une exposition du produit des fouilles arch\u00e9ologiques locales, que le mus\u00e9e de Maubeuge est cr\u00e9\u00e9 par \u00c9douard Bertrand, clerc de notaire maubeugeois, Le mus\u00e9e constitue ses premi\u00e8res collections gr\u00e2ce \u00e0 de nombreux dons, consentis par des amateurs locaux (tels que les Sculfort ou encore Auguste Guillain par exemple), et des achats. Le mus\u00e9e s\u2019installe d\u2019abord dans l\u2019h\u00f4tel de ville, o\u00f9 deux salles lui sont d\u00e9di\u00e9es avant de d\u00e9m\u00e9nager en 1893 dans un b\u00e2timent l\u00e9gu\u00e9 par Sidonie Fercot-Delmotte, dont il prend le nom temporairement pour devenir le Mus\u00e9e Fercot-Delmotte.<\/p><p>Le b\u00e2timent se situe alors au 3 place Mabuse, \u00e0 proximit\u00e9 de l\u2019\u00e9glise Saint-Pierre, au plein c\u0153ur de la ville.<\/p><p>En 1913, le mus\u00e9e emm\u00e9nage au premier \u00e9tage de l\u2019actuelle <a href=\"https:\/\/lamallemaubeugeoise.fr\/index.php\/2022\/11\/06\/salle-sthrau\/\">salle Sthrau<\/a>, chapelle du coll\u00e8ge j\u00e9suite de la ville, alors d\u00e9saffect\u00e9e. Quelques mois plus tard, dans la nuit du 3 au 4 septembre 1914, les bombardements allemands provoquent l\u2019incendie du centre-ville de Maubeuge et de la salle Sthrau.<\/p><p>Le mus\u00e9e dispara\u00eet enti\u00e8rement dans les flammes ainsi que toutes les collections, \u00e0 quelques exceptions pr\u00e8s. Il ne reste de la salle Sthrau que les murs ext\u00e9rieurs. Au lendemain de la Premi\u00e8re Guerre mondiale, tout le mus\u00e9e est donc \u00e0 reconstruire et ses collections \u00e0 reconstituer.<\/p><p>En 1926, Henri Bo\u00ebz cr\u00e9e la Soci\u00e9t\u00e9 des Amis de Maubeuge et s\u2019attelle \u00e0 la reconstruction de la ville apr\u00e8s-guerre avec celle-ci. Il s\u2019int\u00e9resse notamment au mus\u00e9e et prend en charge la reconstitution des collections et sa r\u00e9ouverture.<\/p><p>En 1936, le mus\u00e9e s\u2019installe \u00e0 nouveau dans la salle Sthrau, r\u00e9nov\u00e9e en 1927 par Jean et Henri Lafitte. Henri Bo\u00ebz accorde une large place \u00e0 la cr\u00e9ation artistique locale et pr\u00e9sente des expositions d\u2019importance \u00e0 la salle Sthrau.<\/p><p>\u00c0 l\u2019aube de la Seconde Guerre mondiale, l\u2019administration des Beaux-Arts orchestre l\u2019\u00e9vacuation des \u0153uvres des mus\u00e9es de la r\u00e9gion en pr\u00e9vision des risques de vol ou de destruction dus au conflit mondial.<\/p><p>Une partie des \u0153uvres du mus\u00e9e est donc \u00e9vacu\u00e9e avec <a href=\"https:\/\/lamallemaubeugeoise.fr\/index.php\/nos-missions\/\">les archives de la ville<\/a> vers le domaine de Beaumanoir en Normandie. Au retour des \u0153uvres apr\u00e8s le conflit, Henri Bo\u00ebz installe le mus\u00e9e dans <a href=\"https:\/\/lamallemaubeugeoise.fr\/index.php\/2022\/11\/08\/chapitre-des-chanoinesses\/\">l\u2019ancien Chapitre des Chanoinesses<\/a>, donnant sur la Place verte, o\u00f9 il restera jusqu\u2019en 1993.<\/p><p>Occupant initialement un seul \u00e9tage, des travaux sont progressivement r\u00e9alis\u00e9s et le mus\u00e9e s\u2019\u00e9tend sur deux \u00e9tages et poss\u00e8de une salle d\u2019exposition temporaire. Henri Bo\u00ebz d\u00e9c\u00e8de en 1972 apr\u00e8s avoir consacr\u00e9 plus de 40 ann\u00e9es au Mus\u00e9e de Maubeuge. La m\u00eame ann\u00e9e, son nom est donn\u00e9 au mus\u00e9e par le Dr Pierre Forest, maire de Maubeuge.<\/p><p>En 1993, le mus\u00e9e ferme ses portes et les \u0153uvres sont entrepos\u00e9es en r\u00e9serves. Le travail sur les collections continue pendant ce temps et les \u0153uvres voyagent \u00e0 l\u2019occasion d\u2019expositions temporaires par exemple. La Ville de Maubeuge s\u2019engage dans <a href=\"https:\/\/lamallemaubeugeoise.fr\/index.php\/projet-du-musee\/\">un projet de r\u00e9ouverture du mus\u00e9e<\/a> au sein des anciens locaux de la <a href=\"https:\/\/lamallemaubeugeoise.fr\/index.php\/2022\/11\/08\/caf-cpam\/\">CPAM et de la CAF<\/a>, \u00e9rig\u00e9s par Andr\u00e9 Lur\u00e7at, lors de la Reconstruction de la ville <a href=\"https:\/\/lamallemaubeugeoise.fr\/index.php\/tag\/seconde-reconstruction\/\">apr\u00e8s la Seconde Guerre mondiale.<\/a><\/p>\t\t\t\t\t\t\t\t<\/div>\n\t\t\t\t<\/div>\n\t\t\t\t\t<\/div>\n\t\t<\/div>\n\t\t\t\t\t<\/div>\n\t\t<\/section>\n\t\t\t\t<\/div>\n\t\t","protected":false},"excerpt":{"rendered":"<p>Maubeuge, ville d&rsquo;Art et de Culture Histoire du mus\u00e9e C\u2019est en 1878, suite au succ\u00e8s d\u2019une exposition du produit des fouilles arch\u00e9ologiques locales, que le mus\u00e9e de Maubeuge est cr\u00e9\u00e9 par \u00c9douard Bertrand, clerc de notaire maubeugeois, Le mus\u00e9e constitue ses premi\u00e8res collections gr\u00e2ce \u00e0 de nombreux dons, consentis par des amateurs locaux (tels que [&hellip;]<\/p>\n","protected":false},"author":1,"featured_media":0,"parent":0,"menu_order":0,"comment_status":"closed","ping_status":"closed","template":"elementor_header_footer","meta":{"footnotes":""},"class_list":["post-271","page","type-page","status-publish","hentry"],"yoast_head":"<!-- This site is optimized with the Yoast SEO plugin v27.2 - https:\/\/yoast.com\/product\/yoast-seo-wordpress\/ -->\n<title>Histoire du Mus\u00e9e Henri-Bo\u00ebz - Maubeuge<\/title>\n<meta name=\"description\" content=\"Le mus\u00e9e de Maubeuge est cr\u00e9\u00e9 en 1878 par \u00c9douard Bertrand. Le mus\u00e9e constitue ensuite ses premi\u00e8res collections gr\u00e2ce \u00e0 des dons.\" \/>\n<meta name=\"robots\" content=\"index, follow, max-snippet:-1, max-image-preview:large, max-video-preview:-1\" \/>\n<link rel=\"canonical\" href=\"https:\/\/lamallemaubeugeoise.fr\/index.php\/histoire-du-musee\/\" \/>\n<meta property=\"og:locale\" content=\"fr_FR\" \/>\n<meta property=\"og:type\" content=\"article\" \/>\n<meta property=\"og:title\" content=\"Histoire du Mus\u00e9e Henri-Bo\u00ebz - Maubeuge\" \/>\n<meta property=\"og:description\" content=\"Le mus\u00e9e de Maubeuge est cr\u00e9\u00e9 en 1878 par \u00c9douard Bertrand. Le mus\u00e9e constitue ensuite ses premi\u00e8res collections gr\u00e2ce \u00e0 des dons.\" \/>\n<meta property=\"og:url\" content=\"https:\/\/lamallemaubeugeoise.fr\/index.php\/histoire-du-musee\/\" \/>\n<meta property=\"og:site_name\" content=\"La Malle maubeugeoise\" \/>\n<meta property=\"article:publisher\" content=\"https:\/\/www.facebook.com\/VilledeMaubeuge\" \/>\n<meta property=\"article:modified_time\" content=\"2023-05-16T10:54:06+00:00\" \/>\n<meta name=\"twitter:card\" content=\"summary_large_image\" \/>\n<meta name=\"twitter:site\" content=\"@VilleMaubeuge\" \/>\n<meta name=\"twitter:label1\" content=\"Dur\u00e9e de lecture estim\u00e9e\" \/>\n\t<meta name=\"twitter:data1\" content=\"3 minutes\" \/>\n<script type=\"application\/ld+json\" class=\"yoast-schema-graph\">{\"@context\":\"https:\/\/schema.org\",\"@graph\":[{\"@type\":\"WebPage\",\"@id\":\"https:\/\/lamallemaubeugeoise.fr\/index.php\/histoire-du-musee\/\",\"url\":\"https:\/\/lamallemaubeugeoise.fr\/index.php\/histoire-du-musee\/\",\"name\":\"Histoire du Mus\u00e9e Henri-Bo\u00ebz - Maubeuge\",\"isPartOf\":{\"@id\":\"https:\/\/lamallemaubeugeoise.fr\/#website\"},\"datePublished\":\"2022-09-12T20:32:44+00:00\",\"dateModified\":\"2023-05-16T10:54:06+00:00\",\"description\":\"Le mus\u00e9e de Maubeuge est cr\u00e9\u00e9 en 1878 par \u00c9douard Bertrand. Le mus\u00e9e constitue ensuite ses premi\u00e8res collections gr\u00e2ce \u00e0 des dons.\",\"breadcrumb\":{\"@id\":\"https:\/\/lamallemaubeugeoise.fr\/index.php\/histoire-du-musee\/#breadcrumb\"},\"inLanguage\":\"fr-FR\",\"potentialAction\":[{\"@type\":\"ReadAction\",\"target\":[\"https:\/\/lamallemaubeugeoise.fr\/index.php\/histoire-du-musee\/\"]}]},{\"@type\":\"BreadcrumbList\",\"@id\":\"https:\/\/lamallemaubeugeoise.fr\/index.php\/histoire-du-musee\/#breadcrumb\",\"itemListElement\":[{\"@type\":\"ListItem\",\"position\":1,\"name\":\"Accueil\",\"item\":\"https:\/\/lamallemaubeugeoise.fr\/\"},{\"@type\":\"ListItem\",\"position\":2,\"name\":\"Histoire du mus\u00e9e\"}]},{\"@type\":\"WebSite\",\"@id\":\"https:\/\/lamallemaubeugeoise.fr\/#website\",\"url\":\"https:\/\/lamallemaubeugeoise.fr\/\",\"name\":\"La Malle maubeugeoise\",\"description\":\"\",\"publisher\":{\"@id\":\"https:\/\/lamallemaubeugeoise.fr\/#organization\"},\"potentialAction\":[{\"@type\":\"SearchAction\",\"target\":{\"@type\":\"EntryPoint\",\"urlTemplate\":\"https:\/\/lamallemaubeugeoise.fr\/?s={search_term_string}\"},\"query-input\":{\"@type\":\"PropertyValueSpecification\",\"valueRequired\":true,\"valueName\":\"search_term_string\"}}],\"inLanguage\":\"fr-FR\"},{\"@type\":\"Organization\",\"@id\":\"https:\/\/lamallemaubeugeoise.fr\/#organization\",\"name\":\"La Malle maubeugeoise\",\"url\":\"https:\/\/lamallemaubeugeoise.fr\/\",\"logo\":{\"@type\":\"ImageObject\",\"inLanguage\":\"fr-FR\",\"@id\":\"https:\/\/lamallemaubeugeoise.fr\/#\/schema\/logo\/image\/\",\"url\":\"https:\/\/lamallemaubeugeoise.fr\/wp-content\/uploads\/2022\/09\/logo_culture.png\",\"contentUrl\":\"https:\/\/lamallemaubeugeoise.fr\/wp-content\/uploads\/2022\/09\/logo_culture.png\",\"width\":500,\"height\":270,\"caption\":\"La Malle maubeugeoise\"},\"image\":{\"@id\":\"https:\/\/lamallemaubeugeoise.fr\/#\/schema\/logo\/image\/\"},\"sameAs\":[\"https:\/\/www.facebook.com\/VilledeMaubeuge\",\"https:\/\/x.com\/VilleMaubeuge\",\"https:\/\/www.instagram.com\/villedemaubeuge\/\",\"https:\/\/www.linkedin.com\/company\/42902618\/admin\/\",\"https:\/\/www.youtube.com\/channel\/UCqOferEXg9bqKz_6mzrxN4w\",\"https:\/\/t.me\/villeMaubeuge\"]}]}<\/script>\n<!-- \/ Yoast SEO plugin. -->","yoast_head_json":{"title":"Histoire du Mus\u00e9e Henri-Bo\u00ebz - Maubeuge","description":"Le mus\u00e9e de Maubeuge est cr\u00e9\u00e9 en 1878 par \u00c9douard Bertrand. Le mus\u00e9e constitue ensuite ses premi\u00e8res collections gr\u00e2ce \u00e0 des dons.","robots":{"index":"index","follow":"follow","max-snippet":"max-snippet:-1","max-image-preview":"max-image-preview:large","max-video-preview":"max-video-preview:-1"},"canonical":"https:\/\/lamallemaubeugeoise.fr\/index.php\/histoire-du-musee\/","og_locale":"fr_FR","og_type":"article","og_title":"Histoire du Mus\u00e9e Henri-Bo\u00ebz - Maubeuge","og_description":"Le mus\u00e9e de Maubeuge est cr\u00e9\u00e9 en 1878 par \u00c9douard Bertrand. Le mus\u00e9e constitue ensuite ses premi\u00e8res collections gr\u00e2ce \u00e0 des dons.","og_url":"https:\/\/lamallemaubeugeoise.fr\/index.php\/histoire-du-musee\/","og_site_name":"La Malle maubeugeoise","article_publisher":"https:\/\/www.facebook.com\/VilledeMaubeuge","article_modified_time":"2023-05-16T10:54:06+00:00","twitter_card":"summary_large_image","twitter_site":"@VilleMaubeuge","twitter_misc":{"Dur\u00e9e de lecture estim\u00e9e":"3 minutes"},"schema":{"@context":"https:\/\/schema.org","@graph":[{"@type":"WebPage","@id":"https:\/\/lamallemaubeugeoise.fr\/index.php\/histoire-du-musee\/","url":"https:\/\/lamallemaubeugeoise.fr\/index.php\/histoire-du-musee\/","name":"Histoire du Mus\u00e9e Henri-Bo\u00ebz - Maubeuge","isPartOf":{"@id":"https:\/\/lamallemaubeugeoise.fr\/#website"},"datePublished":"2022-09-12T20:32:44+00:00","dateModified":"2023-05-16T10:54:06+00:00","description":"Le mus\u00e9e de Maubeuge est cr\u00e9\u00e9 en 1878 par \u00c9douard Bertrand. Le mus\u00e9e constitue ensuite ses premi\u00e8res collections gr\u00e2ce \u00e0 des dons.","breadcrumb":{"@id":"https:\/\/lamallemaubeugeoise.fr\/index.php\/histoire-du-musee\/#breadcrumb"},"inLanguage":"fr-FR","potentialAction":[{"@type":"ReadAction","target":["https:\/\/lamallemaubeugeoise.fr\/index.php\/histoire-du-musee\/"]}]},{"@type":"BreadcrumbList","@id":"https:\/\/lamallemaubeugeoise.fr\/index.php\/histoire-du-musee\/#breadcrumb","itemListElement":[{"@type":"ListItem","position":1,"name":"Accueil","item":"https:\/\/lamallemaubeugeoise.fr\/"},{"@type":"ListItem","position":2,"name":"Histoire du mus\u00e9e"}]},{"@type":"WebSite","@id":"https:\/\/lamallemaubeugeoise.fr\/#website","url":"https:\/\/lamallemaubeugeoise.fr\/","name":"La Malle maubeugeoise","description":"","publisher":{"@id":"https:\/\/lamallemaubeugeoise.fr\/#organization"},"potentialAction":[{"@type":"SearchAction","target":{"@type":"EntryPoint","urlTemplate":"https:\/\/lamallemaubeugeoise.fr\/?s={search_term_string}"},"query-input":{"@type":"PropertyValueSpecification","valueRequired":true,"valueName":"search_term_string"}}],"inLanguage":"fr-FR"},{"@type":"Organization","@id":"https:\/\/lamallemaubeugeoise.fr\/#organization","name":"La Malle maubeugeoise","url":"https:\/\/lamallemaubeugeoise.fr\/","logo":{"@type":"ImageObject","inLanguage":"fr-FR","@id":"https:\/\/lamallemaubeugeoise.fr\/#\/schema\/logo\/image\/","url":"https:\/\/lamallemaubeugeoise.fr\/wp-content\/uploads\/2022\/09\/logo_culture.png","contentUrl":"https:\/\/lamallemaubeugeoise.fr\/wp-content\/uploads\/2022\/09\/logo_culture.png","width":500,"height":270,"caption":"La Malle maubeugeoise"},"image":{"@id":"https:\/\/lamallemaubeugeoise.fr\/#\/schema\/logo\/image\/"},"sameAs":["https:\/\/www.facebook.com\/VilledeMaubeuge","https:\/\/x.com\/VilleMaubeuge","https:\/\/www.instagram.com\/villedemaubeuge\/","https:\/\/www.linkedin.com\/company\/42902618\/admin\/","https:\/\/www.youtube.com\/channel\/UCqOferEXg9bqKz_6mzrxN4w","https:\/\/t.me\/villeMaubeuge"]}]}},"_links":{"self":[{"href":"https:\/\/lamallemaubeugeoise.fr\/index.php\/wp-json\/wp\/v2\/pages\/271","targetHints":{"allow":["GET"]}}],"collection":[{"href":"https:\/\/lamallemaubeugeoise.fr\/index.php\/wp-json\/wp\/v2\/pages"}],"about":[{"href":"https:\/\/lamallemaubeugeoise.fr\/index.php\/wp-json\/wp\/v2\/types\/page"}],"author":[{"embeddable":true,"href":"https:\/\/lamallemaubeugeoise.fr\/index.php\/wp-json\/wp\/v2\/users\/1"}],"replies":[{"embeddable":true,"href":"https:\/\/lamallemaubeugeoise.fr\/index.php\/wp-json\/wp\/v2\/comments?post=271"}],"version-history":[{"count":59,"href":"https:\/\/lamallemaubeugeoise.fr\/index.php\/wp-json\/wp\/v2\/pages\/271\/revisions"}],"predecessor-version":[{"id":3332,"href":"https:\/\/lamallemaubeugeoise.fr\/index.php\/wp-json\/wp\/v2\/pages\/271\/revisions\/3332"}],"wp:attachment":[{"href":"https:\/\/lamallemaubeugeoise.fr\/index.php\/wp-json\/wp\/v2\/media?parent=271"}],"curies":[{"name":"wp","href":"https:\/\/api.w.org\/{rel}","templated":true}]}}