{"id":3312,"date":"2025-03-12T12:30:25","date_gmt":"2025-03-12T11:30:25","guid":{"rendered":"https:\/\/lamallemaubeugeoise.fr\/?page_id=3312"},"modified":"2025-03-12T12:36:17","modified_gmt":"2025-03-12T11:36:17","slug":"exposition-temporaire-les-animaux-sinvitent-au-musee","status":"publish","type":"page","link":"https:\/\/lamallemaubeugeoise.fr\/index.php\/exposition-temporaire-les-animaux-sinvitent-au-musee\/","title":{"rendered":"Exposition temporaire \u00ab Les animaux s\u2019invitent au mus\u00e9e ! \u00bb"},"content":{"rendered":"\t\t<div data-elementor-type=\"wp-page\" data-elementor-id=\"3312\" class=\"elementor elementor-3312\" data-elementor-post-type=\"page\">\n\t\t\t\t\t\t<section class=\"elementor-section elementor-top-section elementor-element elementor-element-5f54bb8 elementor-section-height-min-height elementor-section-items-stretch elementor-section-content-middle elementor-section-boxed elementor-section-height-default\" data-id=\"5f54bb8\" data-element_type=\"section\" data-e-type=\"section\" data-settings=\"{&quot;background_background&quot;:&quot;classic&quot;}\">\n\t\t\t\t\t\t<div class=\"elementor-container elementor-column-gap-no\">\n\t\t\t\t\t<div class=\"elementor-column elementor-col-100 elementor-top-column elementor-element elementor-element-7fa1ff9\" data-id=\"7fa1ff9\" data-element_type=\"column\" data-e-type=\"column\">\n\t\t\t<div class=\"elementor-widget-wrap elementor-element-populated\">\n\t\t\t\t\t\t<div class=\"elementor-element elementor-element-273b540 elementor-widget elementor-widget-heading\" data-id=\"273b540\" data-element_type=\"widget\" data-e-type=\"widget\" data-widget_type=\"heading.default\">\n\t\t\t\t<div class=\"elementor-widget-container\">\n\t\t\t\t\t<h1 class=\"elementor-heading-title elementor-size-default\">Exposition temporaire \u00ab Les animaux s\u2019invitent au mus\u00e9e ! \u00bb<\/h1>\t\t\t\t<\/div>\n\t\t\t\t<\/div>\n\t\t\t\t\t<\/div>\n\t\t<\/div>\n\t\t\t\t\t<\/div>\n\t\t<\/section>\n\t\t\t\t<section class=\"elementor-section elementor-top-section elementor-element elementor-element-465f700 elementor-section-full_width elementor-section-content-middle elementor-reverse-tablet elementor-reverse-mobile elementor-section-height-default elementor-section-height-default\" data-id=\"465f700\" data-element_type=\"section\" data-e-type=\"section\">\n\t\t\t\t\t\t<div class=\"elementor-container elementor-column-gap-no\">\n\t\t\t\t\t<div class=\"elementor-column elementor-col-100 elementor-top-column elementor-element elementor-element-3648afd\" data-id=\"3648afd\" data-element_type=\"column\" data-e-type=\"column\">\n\t\t\t<div class=\"elementor-widget-wrap elementor-element-populated\">\n\t\t\t\t\t\t<div class=\"elementor-element elementor-element-3d3ac0b elementor-widget elementor-widget-text-editor\" data-id=\"3d3ac0b\" data-element_type=\"widget\" data-e-type=\"widget\" data-widget_type=\"text-editor.default\">\n\t\t\t\t<div class=\"elementor-widget-container\">\n\t\t\t\t\t\t\t\t\t<p>Du 12 avril au 27 octobre 2024, la th\u00e9matique des animaux est mise \u00e0 l\u2019honneur dans l\u2019exposition \u00ab\u00a0Les animaux s\u2019invitent au mus\u00e9e\u00a0!\u00a0\u00bb. Elle s\u2019adresse \u00e0 un public familial et s\u2019int\u00e9resse \u00e0 la fa\u00e7on dont les artistes repr\u00e9sentent leurs sujets\u00a0; animaux r\u00e9alistes, stylis\u00e9s et cr\u00e9atures chim\u00e9riques peuplent ainsi l\u2019Espace Bo\u00ebz. Les \u0153uvres expos\u00e9es poussent aussi le r\u00e9alisme jusqu\u2019\u00e0 l\u2019animal \u00ab\u00a0r\u00e9el\u00a0\u00bb, naturalis\u00e9. La taxidermie a une place pr\u00e9pond\u00e9rante dans l\u2019art puisqu\u2019elle est l\u2019occasion, pour les artistes, de se former l\u2019\u0153il et la main sur des animaux rares.<\/p><p>Pour cette deuxi\u00e8me exposition temporaire, l\u2019Espace Bo\u00ebz accueille des pr\u00eats de plusieurs mus\u00e9es, notamment de La Piscine &#8211; Mus\u00e9e d\u2019arts et d\u2019industrie Andr\u00e9 Diligent \u00e0 Roubaix, du Mus\u00e9e de la V\u00e9nerie de Senlis et du Mus\u00e9e des Beaux-Arts d\u2019Arras. Gr\u00e2ce \u00e0 ces pr\u00eats, les visiteurs ont pu\u00a0 rencontrer Hedwige, la fid\u00e8le amie d\u2019Harry Potter, ou encore deux petits oiseaux aujourd\u2019hui disparus : les Gobemouches.<\/p>\t\t\t\t\t\t\t\t<\/div>\n\t\t\t\t<\/div>\n\t\t\t\t<div class=\"elementor-element elementor-element-3b846cf elementor-widget elementor-widget-gallery\" data-id=\"3b846cf\" data-element_type=\"widget\" data-e-type=\"widget\" data-settings=\"{&quot;gallery_layout&quot;:&quot;justified&quot;,&quot;ideal_row_height&quot;:{&quot;unit&quot;:&quot;px&quot;,&quot;size&quot;:400,&quot;sizes&quot;:[]},&quot;lazyload&quot;:&quot;yes&quot;,&quot;ideal_row_height_tablet&quot;:{&quot;unit&quot;:&quot;px&quot;,&quot;size&quot;:150,&quot;sizes&quot;:[]},&quot;ideal_row_height_mobile&quot;:{&quot;unit&quot;:&quot;px&quot;,&quot;size&quot;:150,&quot;sizes&quot;:[]},&quot;gap&quot;:{&quot;unit&quot;:&quot;px&quot;,&quot;size&quot;:10,&quot;sizes&quot;:[]},&quot;gap_tablet&quot;:{&quot;unit&quot;:&quot;px&quot;,&quot;size&quot;:10,&quot;sizes&quot;:[]},&quot;gap_mobile&quot;:{&quot;unit&quot;:&quot;px&quot;,&quot;size&quot;:10,&quot;sizes&quot;:[]},&quot;link_to&quot;:&quot;file&quot;,&quot;overlay_background&quot;:&quot;yes&quot;,&quot;content_hover_animation&quot;:&quot;fade-in&quot;}\" data-widget_type=\"gallery.default\">\n\t\t\t\t<div class=\"elementor-widget-container\">\n\t\t\t\t\t\t\t<div class=\"elementor-gallery__container\">\n\t\t\t\t\t\t\t<a class=\"e-gallery-item elementor-gallery-item elementor-animated-content\" href=\"https:\/\/lamallemaubeugeoise.fr\/wp-content\/uploads\/2025\/03\/CLOCHE-scaled.webp\" data-elementor-open-lightbox=\"yes\" data-elementor-lightbox-slideshow=\"3b846cf\" data-elementor-lightbox-title=\"CLOCHE\" data-e-action-hash=\"#elementor-action%3Aaction%3Dlightbox%26settings%3DeyJpZCI6MzMxNywidXJsIjoiaHR0cHM6XC9cL2xhbWFsbGVtYXViZXVnZW9pc2UuZnJcL3dwLWNvbnRlbnRcL3VwbG9hZHNcLzIwMjVcLzAzXC9DTE9DSEUtc2NhbGVkLndlYnAiLCJzbGlkZXNob3ciOiIzYjg0NmNmIn0%3D\">\n\t\t\t\t\t<div class=\"e-gallery-image elementor-gallery-item__image\" data-thumbnail=\"https:\/\/lamallemaubeugeoise.fr\/wp-content\/uploads\/2025\/03\/CLOCHE-scaled.webp\" data-width=\"900\" data-height=\"1200\" aria-label=\"\" role=\"img\" ><\/div>\n\t\t\t\t\t\t\t\t\t\t\t<div class=\"elementor-gallery-item__overlay\"><\/div>\n\t\t\t\t\t\t\t\t\t\t\t\t\t\t<\/a>\n\t\t\t\t\t\t\t<a class=\"e-gallery-item elementor-gallery-item elementor-animated-content\" href=\"https:\/\/lamallemaubeugeoise.fr\/wp-content\/uploads\/2025\/03\/Capture-decran-2025-03-12-a-11.20.44-scaled.webp\" data-elementor-open-lightbox=\"yes\" data-elementor-lightbox-slideshow=\"3b846cf\" data-elementor-lightbox-title=\"Capture d\u2019e\u0301cran 2025-03-12 a\u0300 11.20.44\" data-e-action-hash=\"#elementor-action%3Aaction%3Dlightbox%26settings%3DeyJpZCI6MzMxOCwidXJsIjoiaHR0cHM6XC9cL2xhbWFsbGVtYXViZXVnZW9pc2UuZnJcL3dwLWNvbnRlbnRcL3VwbG9hZHNcLzIwMjVcLzAzXC9DYXB0dXJlLWRlY3Jhbi0yMDI1LTAzLTEyLWEtMTEuMjAuNDQtc2NhbGVkLndlYnAiLCJzbGlkZXNob3ciOiIzYjg0NmNmIn0%3D\">\n\t\t\t\t\t<div class=\"e-gallery-image elementor-gallery-item__image\" data-thumbnail=\"https:\/\/lamallemaubeugeoise.fr\/wp-content\/uploads\/2025\/03\/Capture-decran-2025-03-12-a-11.20.44-scaled.webp\" data-width=\"855\" data-height=\"1200\" aria-label=\"\" role=\"img\" ><\/div>\n\t\t\t\t\t\t\t\t\t\t\t<div class=\"elementor-gallery-item__overlay\"><\/div>\n\t\t\t\t\t\t\t\t\t\t\t\t\t\t<\/a>\n\t\t\t\t\t<\/div>\n\t\t\t\t\t<\/div>\n\t\t\t\t<\/div>\n\t\t\t\t<div class=\"elementor-element elementor-element-4487fc3 elementor-widget elementor-widget-text-editor\" data-id=\"4487fc3\" data-element_type=\"widget\" data-e-type=\"widget\" data-widget_type=\"text-editor.default\">\n\t\t\t\t<div class=\"elementor-widget-container\">\n\t\t\t\t\t\t\t\t\t<p>En marge de la recherche de r\u00e9alisme dans l\u2019art animalier, des comportements propres aux humains sont parfois projet\u00e9s sur les animaux, ce qui donne lieu \u00e0 des repr\u00e9sentations originales, voire parfois comiques comme l\u2019atteste l\u2019illustration des <em>Fables <\/em>de La Fontaine ont longtemps \u00e9t\u00e9 un texte de r\u00e9f\u00e9rence \u00e0 ce sujet, le po\u00e8te s\u2019\u00e9tant fait une sp\u00e9cialit\u00e9 de montrer les travers du caract\u00e8re humain par de petits r\u00e9cits moralisateurs mettant en sc\u00e8ne des animaux.<\/p><p>L\u2019art animalier est aussi r\u00e9v\u00e9lateur de la place des animaux dans la soci\u00e9t\u00e9. Instrumentalis\u00e9s par l\u2019homme depuis la nuit des temps, ils deviennent avec le d\u00e9veloppement de la domestication, de v\u00e9ritables compagnons pour l\u2019homme, au point de devenir l\u2019unique sujet de repr\u00e9sentation dans certaines \u0153uvres.<\/p>\t\t\t\t\t\t\t\t<\/div>\n\t\t\t\t<\/div>\n\t\t\t\t<div class=\"elementor-element elementor-element-6d1d21d elementor-widget elementor-widget-gallery\" data-id=\"6d1d21d\" data-element_type=\"widget\" data-e-type=\"widget\" data-settings=\"{&quot;gallery_layout&quot;:&quot;justified&quot;,&quot;ideal_row_height&quot;:{&quot;unit&quot;:&quot;px&quot;,&quot;size&quot;:400,&quot;sizes&quot;:[]},&quot;lazyload&quot;:&quot;yes&quot;,&quot;ideal_row_height_tablet&quot;:{&quot;unit&quot;:&quot;px&quot;,&quot;size&quot;:150,&quot;sizes&quot;:[]},&quot;ideal_row_height_mobile&quot;:{&quot;unit&quot;:&quot;px&quot;,&quot;size&quot;:150,&quot;sizes&quot;:[]},&quot;gap&quot;:{&quot;unit&quot;:&quot;px&quot;,&quot;size&quot;:10,&quot;sizes&quot;:[]},&quot;gap_tablet&quot;:{&quot;unit&quot;:&quot;px&quot;,&quot;size&quot;:10,&quot;sizes&quot;:[]},&quot;gap_mobile&quot;:{&quot;unit&quot;:&quot;px&quot;,&quot;size&quot;:10,&quot;sizes&quot;:[]},&quot;link_to&quot;:&quot;file&quot;,&quot;overlay_background&quot;:&quot;yes&quot;,&quot;content_hover_animation&quot;:&quot;fade-in&quot;}\" data-widget_type=\"gallery.default\">\n\t\t\t\t<div class=\"elementor-widget-container\">\n\t\t\t\t\t\t\t<div class=\"elementor-gallery__container\">\n\t\t\t\t\t\t\t<a class=\"e-gallery-item elementor-gallery-item elementor-animated-content\" href=\"https:\/\/lamallemaubeugeoise.fr\/wp-content\/uploads\/2025\/03\/ESPACE-LECTURE.webp\" data-elementor-open-lightbox=\"yes\" data-elementor-lightbox-slideshow=\"6d1d21d\" data-elementor-lightbox-title=\"ESPACE LECTURE\" data-e-action-hash=\"#elementor-action%3Aaction%3Dlightbox%26settings%3DeyJpZCI6MzMxNSwidXJsIjoiaHR0cHM6XC9cL2xhbWFsbGVtYXViZXVnZW9pc2UuZnJcL3dwLWNvbnRlbnRcL3VwbG9hZHNcLzIwMjVcLzAzXC9FU1BBQ0UtTEVDVFVSRS53ZWJwIiwic2xpZGVzaG93IjoiNmQxZDIxZCJ9\">\n\t\t\t\t\t<div class=\"e-gallery-image elementor-gallery-item__image\" data-thumbnail=\"https:\/\/lamallemaubeugeoise.fr\/wp-content\/uploads\/2025\/03\/ESPACE-LECTURE.webp\" data-width=\"414\" data-height=\"582\" aria-label=\"\" role=\"img\" ><\/div>\n\t\t\t\t\t\t\t\t\t\t\t<div class=\"elementor-gallery-item__overlay\"><\/div>\n\t\t\t\t\t\t\t\t\t\t\t\t\t\t<\/a>\n\t\t\t\t\t\t\t<a class=\"e-gallery-item elementor-gallery-item elementor-animated-content\" href=\"https:\/\/lamallemaubeugeoise.fr\/wp-content\/uploads\/2025\/03\/LIVRET-JEUX.webp\" data-elementor-open-lightbox=\"yes\" data-elementor-lightbox-slideshow=\"6d1d21d\" data-elementor-lightbox-title=\"LIVRET JEUX\" data-e-action-hash=\"#elementor-action%3Aaction%3Dlightbox%26settings%3DeyJpZCI6MzMxNCwidXJsIjoiaHR0cHM6XC9cL2xhbWFsbGVtYXViZXVnZW9pc2UuZnJcL3dwLWNvbnRlbnRcL3VwbG9hZHNcLzIwMjVcLzAzXC9MSVZSRVQtSkVVWC53ZWJwIiwic2xpZGVzaG93IjoiNmQxZDIxZCJ9\">\n\t\t\t\t\t<div class=\"e-gallery-image elementor-gallery-item__image\" data-thumbnail=\"https:\/\/lamallemaubeugeoise.fr\/wp-content\/uploads\/2025\/03\/LIVRET-JEUX.webp\" data-width=\"360\" data-height=\"501\" aria-label=\"\" role=\"img\" ><\/div>\n\t\t\t\t\t\t\t\t\t\t\t<div class=\"elementor-gallery-item__overlay\"><\/div>\n\t\t\t\t\t\t\t\t\t\t\t\t\t\t<\/a>\n\t\t\t\t\t<\/div>\n\t\t\t\t\t<\/div>\n\t\t\t\t<\/div>\n\t\t\t\t\t<\/div>\n\t\t<\/div>\n\t\t\t\t\t<\/div>\n\t\t<\/section>\n\t\t\t\t<\/div>\n\t\t","protected":false},"excerpt":{"rendered":"<p>Exposition temporaire \u00ab Les animaux s\u2019invitent au mus\u00e9e ! \u00bb Du 12 avril au 27 octobre 2024, la th\u00e9matique des animaux est mise \u00e0 l\u2019honneur dans l\u2019exposition \u00ab\u00a0Les animaux s\u2019invitent au mus\u00e9e\u00a0!\u00a0\u00bb. Elle s\u2019adresse \u00e0 un public familial et s\u2019int\u00e9resse \u00e0 la fa\u00e7on dont les artistes repr\u00e9sentent leurs sujets\u00a0; animaux r\u00e9alistes, stylis\u00e9s et cr\u00e9atures chim\u00e9riques [&hellip;]<\/p>\n","protected":false},"author":1,"featured_media":3318,"parent":0,"menu_order":0,"comment_status":"closed","ping_status":"closed","template":"elementor_header_footer","meta":{"footnotes":""},"class_list":["post-3312","page","type-page","status-publish","has-post-thumbnail","hentry"],"yoast_head":"<!-- This site is optimized with the Yoast SEO plugin v27.2 - https:\/\/yoast.com\/product\/yoast-seo-wordpress\/ -->\n<title>Exposition temporaire \u00ab Les animaux s\u2019invitent au mus\u00e9e ! \u00bb - La Malle maubeugeoise<\/title>\n<meta name=\"robots\" content=\"index, follow, max-snippet:-1, max-image-preview:large, max-video-preview:-1\" \/>\n<link rel=\"canonical\" href=\"https:\/\/lamallemaubeugeoise.fr\/index.php\/exposition-temporaire-les-animaux-sinvitent-au-musee\/\" \/>\n<meta property=\"og:locale\" content=\"fr_FR\" \/>\n<meta property=\"og:type\" content=\"article\" \/>\n<meta property=\"og:title\" content=\"Exposition temporaire \u00ab Les animaux s\u2019invitent au mus\u00e9e ! \u00bb - La Malle maubeugeoise\" \/>\n<meta property=\"og:description\" content=\"Exposition temporaire \u00ab Les animaux s\u2019invitent au mus\u00e9e ! \u00bb Du 12 avril au 27 octobre 2024, la th\u00e9matique des animaux est mise \u00e0 l\u2019honneur dans l\u2019exposition \u00ab\u00a0Les animaux s\u2019invitent au mus\u00e9e\u00a0!\u00a0\u00bb. Elle s\u2019adresse \u00e0 un public familial et s\u2019int\u00e9resse \u00e0 la fa\u00e7on dont les artistes repr\u00e9sentent leurs sujets\u00a0; animaux r\u00e9alistes, stylis\u00e9s et cr\u00e9atures chim\u00e9riques [&hellip;]\" \/>\n<meta property=\"og:url\" content=\"https:\/\/lamallemaubeugeoise.fr\/index.php\/exposition-temporaire-les-animaux-sinvitent-au-musee\/\" \/>\n<meta property=\"og:site_name\" content=\"La Malle maubeugeoise\" \/>\n<meta property=\"article:publisher\" content=\"https:\/\/www.facebook.com\/VilledeMaubeuge\" \/>\n<meta property=\"article:modified_time\" content=\"2025-03-12T11:36:17+00:00\" \/>\n<meta property=\"og:image\" content=\"https:\/\/lamallemaubeugeoise.fr\/wp-content\/uploads\/2025\/03\/Capture-decran-2025-03-12-a-11.20.44-scaled.webp\" \/>\n\t<meta property=\"og:image:width\" content=\"855\" \/>\n\t<meta property=\"og:image:height\" content=\"1200\" \/>\n\t<meta property=\"og:image:type\" content=\"image\/webp\" \/>\n<meta name=\"twitter:card\" content=\"summary_large_image\" \/>\n<meta name=\"twitter:site\" content=\"@VilleMaubeuge\" \/>\n<meta name=\"twitter:label1\" content=\"Dur\u00e9e de lecture estim\u00e9e\" \/>\n\t<meta name=\"twitter:data1\" content=\"2 minutes\" \/>\n<script type=\"application\/ld+json\" class=\"yoast-schema-graph\">{\"@context\":\"https:\/\/schema.org\",\"@graph\":[{\"@type\":\"WebPage\",\"@id\":\"https:\/\/lamallemaubeugeoise.fr\/index.php\/exposition-temporaire-les-animaux-sinvitent-au-musee\/\",\"url\":\"https:\/\/lamallemaubeugeoise.fr\/index.php\/exposition-temporaire-les-animaux-sinvitent-au-musee\/\",\"name\":\"Exposition temporaire \u00ab Les animaux s\u2019invitent au mus\u00e9e ! \u00bb - La Malle maubeugeoise\",\"isPartOf\":{\"@id\":\"https:\/\/lamallemaubeugeoise.fr\/#website\"},\"primaryImageOfPage\":{\"@id\":\"https:\/\/lamallemaubeugeoise.fr\/index.php\/exposition-temporaire-les-animaux-sinvitent-au-musee\/#primaryimage\"},\"image\":{\"@id\":\"https:\/\/lamallemaubeugeoise.fr\/index.php\/exposition-temporaire-les-animaux-sinvitent-au-musee\/#primaryimage\"},\"thumbnailUrl\":\"https:\/\/lamallemaubeugeoise.fr\/wp-content\/uploads\/2025\/03\/Capture-decran-2025-03-12-a-11.20.44-scaled.webp\",\"datePublished\":\"2025-03-12T11:30:25+00:00\",\"dateModified\":\"2025-03-12T11:36:17+00:00\",\"breadcrumb\":{\"@id\":\"https:\/\/lamallemaubeugeoise.fr\/index.php\/exposition-temporaire-les-animaux-sinvitent-au-musee\/#breadcrumb\"},\"inLanguage\":\"fr-FR\",\"potentialAction\":[{\"@type\":\"ReadAction\",\"target\":[\"https:\/\/lamallemaubeugeoise.fr\/index.php\/exposition-temporaire-les-animaux-sinvitent-au-musee\/\"]}]},{\"@type\":\"ImageObject\",\"inLanguage\":\"fr-FR\",\"@id\":\"https:\/\/lamallemaubeugeoise.fr\/index.php\/exposition-temporaire-les-animaux-sinvitent-au-musee\/#primaryimage\",\"url\":\"https:\/\/lamallemaubeugeoise.fr\/wp-content\/uploads\/2025\/03\/Capture-decran-2025-03-12-a-11.20.44-scaled.webp\",\"contentUrl\":\"https:\/\/lamallemaubeugeoise.fr\/wp-content\/uploads\/2025\/03\/Capture-decran-2025-03-12-a-11.20.44-scaled.webp\",\"width\":855,\"height\":1200},{\"@type\":\"BreadcrumbList\",\"@id\":\"https:\/\/lamallemaubeugeoise.fr\/index.php\/exposition-temporaire-les-animaux-sinvitent-au-musee\/#breadcrumb\",\"itemListElement\":[{\"@type\":\"ListItem\",\"position\":1,\"name\":\"Accueil\",\"item\":\"https:\/\/lamallemaubeugeoise.fr\/\"},{\"@type\":\"ListItem\",\"position\":2,\"name\":\"Exposition temporaire \u00ab Les animaux s\u2019invitent au mus\u00e9e ! \u00bb\"}]},{\"@type\":\"WebSite\",\"@id\":\"https:\/\/lamallemaubeugeoise.fr\/#website\",\"url\":\"https:\/\/lamallemaubeugeoise.fr\/\",\"name\":\"La Malle maubeugeoise\",\"description\":\"\",\"publisher\":{\"@id\":\"https:\/\/lamallemaubeugeoise.fr\/#organization\"},\"potentialAction\":[{\"@type\":\"SearchAction\",\"target\":{\"@type\":\"EntryPoint\",\"urlTemplate\":\"https:\/\/lamallemaubeugeoise.fr\/?s={search_term_string}\"},\"query-input\":{\"@type\":\"PropertyValueSpecification\",\"valueRequired\":true,\"valueName\":\"search_term_string\"}}],\"inLanguage\":\"fr-FR\"},{\"@type\":\"Organization\",\"@id\":\"https:\/\/lamallemaubeugeoise.fr\/#organization\",\"name\":\"La Malle maubeugeoise\",\"url\":\"https:\/\/lamallemaubeugeoise.fr\/\",\"logo\":{\"@type\":\"ImageObject\",\"inLanguage\":\"fr-FR\",\"@id\":\"https:\/\/lamallemaubeugeoise.fr\/#\/schema\/logo\/image\/\",\"url\":\"https:\/\/lamallemaubeugeoise.fr\/wp-content\/uploads\/2022\/09\/logo_culture.png\",\"contentUrl\":\"https:\/\/lamallemaubeugeoise.fr\/wp-content\/uploads\/2022\/09\/logo_culture.png\",\"width\":500,\"height\":270,\"caption\":\"La Malle maubeugeoise\"},\"image\":{\"@id\":\"https:\/\/lamallemaubeugeoise.fr\/#\/schema\/logo\/image\/\"},\"sameAs\":[\"https:\/\/www.facebook.com\/VilledeMaubeuge\",\"https:\/\/x.com\/VilleMaubeuge\",\"https:\/\/www.instagram.com\/villedemaubeuge\/\",\"https:\/\/www.linkedin.com\/company\/42902618\/admin\/\",\"https:\/\/www.youtube.com\/channel\/UCqOferEXg9bqKz_6mzrxN4w\",\"https:\/\/t.me\/villeMaubeuge\"]}]}<\/script>\n<!-- \/ Yoast SEO plugin. -->","yoast_head_json":{"title":"Exposition temporaire \u00ab Les animaux s\u2019invitent au mus\u00e9e ! \u00bb - La Malle maubeugeoise","robots":{"index":"index","follow":"follow","max-snippet":"max-snippet:-1","max-image-preview":"max-image-preview:large","max-video-preview":"max-video-preview:-1"},"canonical":"https:\/\/lamallemaubeugeoise.fr\/index.php\/exposition-temporaire-les-animaux-sinvitent-au-musee\/","og_locale":"fr_FR","og_type":"article","og_title":"Exposition temporaire \u00ab Les animaux s\u2019invitent au mus\u00e9e ! \u00bb - La Malle maubeugeoise","og_description":"Exposition temporaire \u00ab Les animaux s\u2019invitent au mus\u00e9e ! \u00bb Du 12 avril au 27 octobre 2024, la th\u00e9matique des animaux est mise \u00e0 l\u2019honneur dans l\u2019exposition \u00ab\u00a0Les animaux s\u2019invitent au mus\u00e9e\u00a0!\u00a0\u00bb. Elle s\u2019adresse \u00e0 un public familial et s\u2019int\u00e9resse \u00e0 la fa\u00e7on dont les artistes repr\u00e9sentent leurs sujets\u00a0; animaux r\u00e9alistes, stylis\u00e9s et cr\u00e9atures chim\u00e9riques [&hellip;]","og_url":"https:\/\/lamallemaubeugeoise.fr\/index.php\/exposition-temporaire-les-animaux-sinvitent-au-musee\/","og_site_name":"La Malle maubeugeoise","article_publisher":"https:\/\/www.facebook.com\/VilledeMaubeuge","article_modified_time":"2025-03-12T11:36:17+00:00","og_image":[{"width":855,"height":1200,"url":"https:\/\/lamallemaubeugeoise.fr\/wp-content\/uploads\/2025\/03\/Capture-decran-2025-03-12-a-11.20.44-scaled.webp","type":"image\/webp"}],"twitter_card":"summary_large_image","twitter_site":"@VilleMaubeuge","twitter_misc":{"Dur\u00e9e de lecture estim\u00e9e":"2 minutes"},"schema":{"@context":"https:\/\/schema.org","@graph":[{"@type":"WebPage","@id":"https:\/\/lamallemaubeugeoise.fr\/index.php\/exposition-temporaire-les-animaux-sinvitent-au-musee\/","url":"https:\/\/lamallemaubeugeoise.fr\/index.php\/exposition-temporaire-les-animaux-sinvitent-au-musee\/","name":"Exposition temporaire \u00ab Les animaux s\u2019invitent au mus\u00e9e ! \u00bb - La Malle maubeugeoise","isPartOf":{"@id":"https:\/\/lamallemaubeugeoise.fr\/#website"},"primaryImageOfPage":{"@id":"https:\/\/lamallemaubeugeoise.fr\/index.php\/exposition-temporaire-les-animaux-sinvitent-au-musee\/#primaryimage"},"image":{"@id":"https:\/\/lamallemaubeugeoise.fr\/index.php\/exposition-temporaire-les-animaux-sinvitent-au-musee\/#primaryimage"},"thumbnailUrl":"https:\/\/lamallemaubeugeoise.fr\/wp-content\/uploads\/2025\/03\/Capture-decran-2025-03-12-a-11.20.44-scaled.webp","datePublished":"2025-03-12T11:30:25+00:00","dateModified":"2025-03-12T11:36:17+00:00","breadcrumb":{"@id":"https:\/\/lamallemaubeugeoise.fr\/index.php\/exposition-temporaire-les-animaux-sinvitent-au-musee\/#breadcrumb"},"inLanguage":"fr-FR","potentialAction":[{"@type":"ReadAction","target":["https:\/\/lamallemaubeugeoise.fr\/index.php\/exposition-temporaire-les-animaux-sinvitent-au-musee\/"]}]},{"@type":"ImageObject","inLanguage":"fr-FR","@id":"https:\/\/lamallemaubeugeoise.fr\/index.php\/exposition-temporaire-les-animaux-sinvitent-au-musee\/#primaryimage","url":"https:\/\/lamallemaubeugeoise.fr\/wp-content\/uploads\/2025\/03\/Capture-decran-2025-03-12-a-11.20.44-scaled.webp","contentUrl":"https:\/\/lamallemaubeugeoise.fr\/wp-content\/uploads\/2025\/03\/Capture-decran-2025-03-12-a-11.20.44-scaled.webp","width":855,"height":1200},{"@type":"BreadcrumbList","@id":"https:\/\/lamallemaubeugeoise.fr\/index.php\/exposition-temporaire-les-animaux-sinvitent-au-musee\/#breadcrumb","itemListElement":[{"@type":"ListItem","position":1,"name":"Accueil","item":"https:\/\/lamallemaubeugeoise.fr\/"},{"@type":"ListItem","position":2,"name":"Exposition temporaire \u00ab Les animaux s\u2019invitent au mus\u00e9e ! \u00bb"}]},{"@type":"WebSite","@id":"https:\/\/lamallemaubeugeoise.fr\/#website","url":"https:\/\/lamallemaubeugeoise.fr\/","name":"La Malle maubeugeoise","description":"","publisher":{"@id":"https:\/\/lamallemaubeugeoise.fr\/#organization"},"potentialAction":[{"@type":"SearchAction","target":{"@type":"EntryPoint","urlTemplate":"https:\/\/lamallemaubeugeoise.fr\/?s={search_term_string}"},"query-input":{"@type":"PropertyValueSpecification","valueRequired":true,"valueName":"search_term_string"}}],"inLanguage":"fr-FR"},{"@type":"Organization","@id":"https:\/\/lamallemaubeugeoise.fr\/#organization","name":"La Malle maubeugeoise","url":"https:\/\/lamallemaubeugeoise.fr\/","logo":{"@type":"ImageObject","inLanguage":"fr-FR","@id":"https:\/\/lamallemaubeugeoise.fr\/#\/schema\/logo\/image\/","url":"https:\/\/lamallemaubeugeoise.fr\/wp-content\/uploads\/2022\/09\/logo_culture.png","contentUrl":"https:\/\/lamallemaubeugeoise.fr\/wp-content\/uploads\/2022\/09\/logo_culture.png","width":500,"height":270,"caption":"La Malle maubeugeoise"},"image":{"@id":"https:\/\/lamallemaubeugeoise.fr\/#\/schema\/logo\/image\/"},"sameAs":["https:\/\/www.facebook.com\/VilledeMaubeuge","https:\/\/x.com\/VilleMaubeuge","https:\/\/www.instagram.com\/villedemaubeuge\/","https:\/\/www.linkedin.com\/company\/42902618\/admin\/","https:\/\/www.youtube.com\/channel\/UCqOferEXg9bqKz_6mzrxN4w","https:\/\/t.me\/villeMaubeuge"]}]}},"_links":{"self":[{"href":"https:\/\/lamallemaubeugeoise.fr\/index.php\/wp-json\/wp\/v2\/pages\/3312","targetHints":{"allow":["GET"]}}],"collection":[{"href":"https:\/\/lamallemaubeugeoise.fr\/index.php\/wp-json\/wp\/v2\/pages"}],"about":[{"href":"https:\/\/lamallemaubeugeoise.fr\/index.php\/wp-json\/wp\/v2\/types\/page"}],"author":[{"embeddable":true,"href":"https:\/\/lamallemaubeugeoise.fr\/index.php\/wp-json\/wp\/v2\/users\/1"}],"replies":[{"embeddable":true,"href":"https:\/\/lamallemaubeugeoise.fr\/index.php\/wp-json\/wp\/v2\/comments?post=3312"}],"version-history":[{"count":7,"href":"https:\/\/lamallemaubeugeoise.fr\/index.php\/wp-json\/wp\/v2\/pages\/3312\/revisions"}],"predecessor-version":[{"id":3324,"href":"https:\/\/lamallemaubeugeoise.fr\/index.php\/wp-json\/wp\/v2\/pages\/3312\/revisions\/3324"}],"wp:featuredmedia":[{"embeddable":true,"href":"https:\/\/lamallemaubeugeoise.fr\/index.php\/wp-json\/wp\/v2\/media\/3318"}],"wp:attachment":[{"href":"https:\/\/lamallemaubeugeoise.fr\/index.php\/wp-json\/wp\/v2\/media?parent=3312"}],"curies":[{"name":"wp","href":"https:\/\/api.w.org\/{rel}","templated":true}]}}