{"id":585,"date":"2022-09-28T09:50:58","date_gmt":"2022-09-28T09:50:58","guid":{"rendered":"https:\/\/intelligent-chatelet.51-83-109-90.plesk.page\/?page_id=585"},"modified":"2023-01-18T16:40:06","modified_gmt":"2023-01-18T15:40:06","slug":"patrimoine-militaire","status":"publish","type":"page","link":"https:\/\/lamallemaubeugeoise.fr\/index.php\/patrimoine\/patrimoine-militaire\/","title":{"rendered":"Patrimoine Militaire"},"content":{"rendered":"\t\t<div data-elementor-type=\"wp-page\" data-elementor-id=\"585\" class=\"elementor elementor-585\" data-elementor-post-type=\"page\">\n\t\t\t\t\t\t<section class=\"elementor-section elementor-top-section elementor-element elementor-element-39508cfd elementor-section-boxed elementor-section-height-default elementor-section-height-default\" data-id=\"39508cfd\" data-element_type=\"section\" data-e-type=\"section\">\n\t\t\t\t\t\t<div class=\"elementor-container elementor-column-gap-default\">\n\t\t\t\t\t<div class=\"elementor-column elementor-col-100 elementor-top-column elementor-element elementor-element-21664b53\" data-id=\"21664b53\" data-element_type=\"column\" data-e-type=\"column\">\n\t\t\t<div class=\"elementor-widget-wrap elementor-element-populated\">\n\t\t\t\t\t\t<div class=\"elementor-element elementor-element-2f3ce8b4 elementor-widget elementor-widget-heading\" data-id=\"2f3ce8b4\" data-element_type=\"widget\" data-e-type=\"widget\" data-widget_type=\"heading.default\">\n\t\t\t\t<div class=\"elementor-widget-container\">\n\t\t\t\t\t<h2 class=\"elementor-heading-title elementor-size-default\">Militaire<\/h2>\t\t\t\t<\/div>\n\t\t\t\t<\/div>\n\t\t\t\t<div class=\"elementor-element elementor-element-302a5ce7 elementor-grid-4 elementor-grid-tablet-2 elementor-grid-mobile-1 elementor-widget elementor-widget-portfolio\" data-id=\"302a5ce7\" data-element_type=\"widget\" data-e-type=\"widget\" data-settings=\"{&quot;columns&quot;:&quot;4&quot;,&quot;masonry&quot;:&quot;yes&quot;,&quot;row_gap&quot;:{&quot;unit&quot;:&quot;px&quot;,&quot;size&quot;:5,&quot;sizes&quot;:[]},&quot;columns_tablet&quot;:&quot;2&quot;,&quot;columns_mobile&quot;:&quot;1&quot;,&quot;item_gap&quot;:{&quot;unit&quot;:&quot;px&quot;,&quot;size&quot;:&quot;&quot;,&quot;sizes&quot;:[]}}\" data-widget_type=\"portfolio.default\">\n\t\t\t\t<div class=\"elementor-widget-container\">\n\t\t\t\t\t\t\t<ul class=\"elementor-portfolio__filters\">\n\t\t\t<li class=\"elementor-portfolio__filter elementor-active\" tabindex=\"0\" data-filter=\"__all\">Tout<\/li>\n\t\t\t\t\t\t\t<li class=\"elementor-portfolio__filter\" tabindex=\"0\" data-filter=\"41\">militaire<\/li>\n\t\t\t\t\t<\/ul>\n\t\t\t\t<div class=\"elementor-portfolio elementor-grid elementor-posts-container\" role=\"list\">\n\t\t\t\t<article class=\"elementor-portfolio-item elementor-post elementor-filter-41 post-1612 post type-post status-publish format-standard has-post-thumbnail hentry category-patrimoine tag-militaire\" role=\"listitem\">\n\t\t\t<a class=\"elementor-post__thumbnail__link\" href=\"https:\/\/lamallemaubeugeoise.fr\/index.php\/2022\/11\/08\/arsenal\/\">\n\t\t\t\t<div class=\"elementor-portfolio-item__img elementor-post__thumbnail\">\n\t\t\t<img fetchpriority=\"high\" decoding=\"async\" width=\"580\" height=\"387\" src=\"https:\/\/lamallemaubeugeoise.fr\/wp-content\/uploads\/2022\/09\/ARSENAL_042-Redimensionnee-1024x683.jpg\" class=\"attachment-large size-large wp-image-554\" alt=\"Photographie de l&#039;Arsenal de Maubeuge\" srcset=\"https:\/\/lamallemaubeugeoise.fr\/wp-content\/uploads\/2022\/09\/ARSENAL_042-Redimensionnee-1024x683.jpg 1024w, https:\/\/lamallemaubeugeoise.fr\/wp-content\/uploads\/2022\/09\/ARSENAL_042-Redimensionnee-300x200.jpg 300w, https:\/\/lamallemaubeugeoise.fr\/wp-content\/uploads\/2022\/09\/ARSENAL_042-Redimensionnee-768x512.jpg 768w, https:\/\/lamallemaubeugeoise.fr\/wp-content\/uploads\/2022\/09\/ARSENAL_042-Redimensionnee-1536x1024.jpg 1536w, https:\/\/lamallemaubeugeoise.fr\/wp-content\/uploads\/2022\/09\/ARSENAL_042-Redimensionnee-1200x800.jpg 1200w, https:\/\/lamallemaubeugeoise.fr\/wp-content\/uploads\/2022\/09\/ARSENAL_042-Redimensionnee.jpg 1920w\" sizes=\"(max-width: 580px) 100vw, 580px\" \/>\t\t<\/div>\n\t\t\t\t<div class=\"elementor-portfolio-item__overlay\">\n\t\t\t\t<h3 class=\"elementor-portfolio-item__title\">\n\t\tArsenal\t\t<\/h3>\n\t\t\t\t<\/div>\n\t\t\t\t<\/a>\n\t\t<\/article>\n\t\t\t\t<article class=\"elementor-portfolio-item elementor-post elementor-filter-41 post-1472 post type-post status-publish format-standard has-post-thumbnail hentry category-patrimoine tag-militaire\" role=\"listitem\">\n\t\t\t<a class=\"elementor-post__thumbnail__link\" href=\"https:\/\/lamallemaubeugeoise.fr\/index.php\/2022\/11\/07\/manege\/\">\n\t\t\t\t<div class=\"elementor-portfolio-item__img elementor-post__thumbnail\">\n\t\t\t<img decoding=\"async\" width=\"580\" height=\"387\" src=\"https:\/\/lamallemaubeugeoise.fr\/wp-content\/uploads\/2022\/10\/MANEGE_1923-Redimensionnee-1024x683.jpg\" class=\"attachment-large size-large wp-image-685\" alt=\"Photographie du th\u00e9\u00e2tre Le Man\u00e8ge\" srcset=\"https:\/\/lamallemaubeugeoise.fr\/wp-content\/uploads\/2022\/10\/MANEGE_1923-Redimensionnee-1024x683.jpg 1024w, https:\/\/lamallemaubeugeoise.fr\/wp-content\/uploads\/2022\/10\/MANEGE_1923-Redimensionnee-300x200.jpg 300w, https:\/\/lamallemaubeugeoise.fr\/wp-content\/uploads\/2022\/10\/MANEGE_1923-Redimensionnee-768x512.jpg 768w, https:\/\/lamallemaubeugeoise.fr\/wp-content\/uploads\/2022\/10\/MANEGE_1923-Redimensionnee-1536x1024.jpg 1536w, https:\/\/lamallemaubeugeoise.fr\/wp-content\/uploads\/2022\/10\/MANEGE_1923-Redimensionnee-1200x800.jpg 1200w, https:\/\/lamallemaubeugeoise.fr\/wp-content\/uploads\/2022\/10\/MANEGE_1923-Redimensionnee.jpg 1920w\" sizes=\"(max-width: 580px) 100vw, 580px\" \/>\t\t<\/div>\n\t\t\t\t<div class=\"elementor-portfolio-item__overlay\">\n\t\t\t\t<h3 class=\"elementor-portfolio-item__title\">\n\t\tMan\u00e8ge\t\t<\/h3>\n\t\t\t\t<\/div>\n\t\t\t\t<\/a>\n\t\t<\/article>\n\t\t\t\t<article class=\"elementor-portfolio-item elementor-post elementor-filter-41 post-1401 post type-post status-publish format-standard has-post-thumbnail hentry category-patrimoine tag-militaire\" role=\"listitem\">\n\t\t\t<a class=\"elementor-post__thumbnail__link\" href=\"https:\/\/lamallemaubeugeoise.fr\/index.php\/2022\/11\/06\/porte-de-mons\/\">\n\t\t\t\t<div class=\"elementor-portfolio-item__img elementor-post__thumbnail\">\n\t\t\t<img decoding=\"async\" width=\"580\" height=\"387\" src=\"https:\/\/lamallemaubeugeoise.fr\/wp-content\/uploads\/2022\/10\/PORTE-DE-MONS_0113-Redimensionnee-1024x683.jpg\" class=\"attachment-large size-large wp-image-650\" alt=\"Photographie de la Porte de Mons\" srcset=\"https:\/\/lamallemaubeugeoise.fr\/wp-content\/uploads\/2022\/10\/PORTE-DE-MONS_0113-Redimensionnee-1024x683.jpg 1024w, https:\/\/lamallemaubeugeoise.fr\/wp-content\/uploads\/2022\/10\/PORTE-DE-MONS_0113-Redimensionnee-300x200.jpg 300w, https:\/\/lamallemaubeugeoise.fr\/wp-content\/uploads\/2022\/10\/PORTE-DE-MONS_0113-Redimensionnee-768x512.jpg 768w, https:\/\/lamallemaubeugeoise.fr\/wp-content\/uploads\/2022\/10\/PORTE-DE-MONS_0113-Redimensionnee-1536x1024.jpg 1536w, https:\/\/lamallemaubeugeoise.fr\/wp-content\/uploads\/2022\/10\/PORTE-DE-MONS_0113-Redimensionnee-1200x800.jpg 1200w, https:\/\/lamallemaubeugeoise.fr\/wp-content\/uploads\/2022\/10\/PORTE-DE-MONS_0113-Redimensionnee.jpg 1920w\" sizes=\"(max-width: 580px) 100vw, 580px\" \/>\t\t<\/div>\n\t\t\t\t<div class=\"elementor-portfolio-item__overlay\">\n\t\t\t\t<h3 class=\"elementor-portfolio-item__title\">\n\t\tPorte de Mons\t\t<\/h3>\n\t\t\t\t<\/div>\n\t\t\t\t<\/a>\n\t\t<\/article>\n\t\t\t\t<\/div>\n\t\t\t\t\t\t<\/div>\n\t\t\t\t<\/div>\n\t\t\t\t\t<\/div>\n\t\t<\/div>\n\t\t\t\t\t<\/div>\n\t\t<\/section>\n\t\t\t\t<\/div>\n\t\t","protected":false},"excerpt":{"rendered":"<p>Militaire<\/p>\n","protected":false},"author":1,"featured_media":0,"parent":282,"menu_order":0,"comment_status":"closed","ping_status":"closed","template":"elementor_header_footer","meta":{"footnotes":""},"class_list":["post-585","page","type-page","status-publish","hentry"],"yoast_head":"<!-- This site is optimized with the Yoast SEO plugin v27.2 - https:\/\/yoast.com\/product\/yoast-seo-wordpress\/ -->\n<title>La Malle maubeugeoise - Patrimoine militaire<\/title>\n<meta name=\"description\" content=\"Retrouvez ici le patrimoine militaire de la ville de Maubeuge, apprenez l&#039;histoire de l&#039;Arsenal, de la Porte de Mons, ...\" \/>\n<meta name=\"robots\" content=\"index, follow, max-snippet:-1, max-image-preview:large, max-video-preview:-1\" \/>\n<link rel=\"canonical\" href=\"https:\/\/lamallemaubeugeoise.fr\/index.php\/patrimoine\/patrimoine-militaire\/\" \/>\n<meta property=\"og:locale\" content=\"fr_FR\" \/>\n<meta property=\"og:type\" content=\"article\" \/>\n<meta property=\"og:title\" content=\"La Malle maubeugeoise - Patrimoine militaire\" \/>\n<meta property=\"og:description\" content=\"Retrouvez ici le patrimoine militaire de la ville de Maubeuge, apprenez l&#039;histoire de l&#039;Arsenal, de la Porte de Mons, ...\" \/>\n<meta property=\"og:url\" content=\"https:\/\/lamallemaubeugeoise.fr\/index.php\/patrimoine\/patrimoine-militaire\/\" \/>\n<meta property=\"og:site_name\" content=\"La Malle maubeugeoise\" \/>\n<meta property=\"article:publisher\" content=\"https:\/\/www.facebook.com\/VilledeMaubeuge\" \/>\n<meta property=\"article:modified_time\" content=\"2023-01-18T15:40:06+00:00\" \/>\n<meta name=\"twitter:card\" content=\"summary_large_image\" \/>\n<meta name=\"twitter:site\" content=\"@VilleMaubeuge\" \/>\n<meta name=\"twitter:label1\" content=\"Dur\u00e9e de lecture estim\u00e9e\" \/>\n\t<meta name=\"twitter:data1\" content=\"1 minute\" \/>\n<script type=\"application\/ld+json\" class=\"yoast-schema-graph\">{\"@context\":\"https:\/\/schema.org\",\"@graph\":[{\"@type\":\"WebPage\",\"@id\":\"https:\/\/lamallemaubeugeoise.fr\/index.php\/patrimoine\/patrimoine-militaire\/\",\"url\":\"https:\/\/lamallemaubeugeoise.fr\/index.php\/patrimoine\/patrimoine-militaire\/\",\"name\":\"La Malle maubeugeoise - Patrimoine militaire\",\"isPartOf\":{\"@id\":\"https:\/\/lamallemaubeugeoise.fr\/#website\"},\"datePublished\":\"2022-09-28T09:50:58+00:00\",\"dateModified\":\"2023-01-18T15:40:06+00:00\",\"description\":\"Retrouvez ici le patrimoine militaire de la ville de Maubeuge, apprenez l'histoire de l'Arsenal, de la Porte de Mons, ...\",\"breadcrumb\":{\"@id\":\"https:\/\/lamallemaubeugeoise.fr\/index.php\/patrimoine\/patrimoine-militaire\/#breadcrumb\"},\"inLanguage\":\"fr-FR\",\"potentialAction\":[{\"@type\":\"ReadAction\",\"target\":[\"https:\/\/lamallemaubeugeoise.fr\/index.php\/patrimoine\/patrimoine-militaire\/\"]}]},{\"@type\":\"BreadcrumbList\",\"@id\":\"https:\/\/lamallemaubeugeoise.fr\/index.php\/patrimoine\/patrimoine-militaire\/#breadcrumb\",\"itemListElement\":[{\"@type\":\"ListItem\",\"position\":1,\"name\":\"Accueil\",\"item\":\"https:\/\/lamallemaubeugeoise.fr\/\"},{\"@type\":\"ListItem\",\"position\":2,\"name\":\"Patrimoine\",\"item\":\"https:\/\/lamallemaubeugeoise.fr\/index.php\/patrimoine\/\"},{\"@type\":\"ListItem\",\"position\":3,\"name\":\"Patrimoine Militaire\"}]},{\"@type\":\"WebSite\",\"@id\":\"https:\/\/lamallemaubeugeoise.fr\/#website\",\"url\":\"https:\/\/lamallemaubeugeoise.fr\/\",\"name\":\"La Malle maubeugeoise\",\"description\":\"\",\"publisher\":{\"@id\":\"https:\/\/lamallemaubeugeoise.fr\/#organization\"},\"potentialAction\":[{\"@type\":\"SearchAction\",\"target\":{\"@type\":\"EntryPoint\",\"urlTemplate\":\"https:\/\/lamallemaubeugeoise.fr\/?s={search_term_string}\"},\"query-input\":{\"@type\":\"PropertyValueSpecification\",\"valueRequired\":true,\"valueName\":\"search_term_string\"}}],\"inLanguage\":\"fr-FR\"},{\"@type\":\"Organization\",\"@id\":\"https:\/\/lamallemaubeugeoise.fr\/#organization\",\"name\":\"La Malle maubeugeoise\",\"url\":\"https:\/\/lamallemaubeugeoise.fr\/\",\"logo\":{\"@type\":\"ImageObject\",\"inLanguage\":\"fr-FR\",\"@id\":\"https:\/\/lamallemaubeugeoise.fr\/#\/schema\/logo\/image\/\",\"url\":\"https:\/\/lamallemaubeugeoise.fr\/wp-content\/uploads\/2022\/09\/logo_culture.png\",\"contentUrl\":\"https:\/\/lamallemaubeugeoise.fr\/wp-content\/uploads\/2022\/09\/logo_culture.png\",\"width\":500,\"height\":270,\"caption\":\"La Malle maubeugeoise\"},\"image\":{\"@id\":\"https:\/\/lamallemaubeugeoise.fr\/#\/schema\/logo\/image\/\"},\"sameAs\":[\"https:\/\/www.facebook.com\/VilledeMaubeuge\",\"https:\/\/x.com\/VilleMaubeuge\",\"https:\/\/www.instagram.com\/villedemaubeuge\/\",\"https:\/\/www.linkedin.com\/company\/42902618\/admin\/\",\"https:\/\/www.youtube.com\/channel\/UCqOferEXg9bqKz_6mzrxN4w\",\"https:\/\/t.me\/villeMaubeuge\"]}]}<\/script>\n<!-- \/ Yoast SEO plugin. -->","yoast_head_json":{"title":"La Malle maubeugeoise - Patrimoine militaire","description":"Retrouvez ici le patrimoine militaire de la ville de Maubeuge, apprenez l'histoire de l'Arsenal, de la Porte de Mons, ...","robots":{"index":"index","follow":"follow","max-snippet":"max-snippet:-1","max-image-preview":"max-image-preview:large","max-video-preview":"max-video-preview:-1"},"canonical":"https:\/\/lamallemaubeugeoise.fr\/index.php\/patrimoine\/patrimoine-militaire\/","og_locale":"fr_FR","og_type":"article","og_title":"La Malle maubeugeoise - Patrimoine militaire","og_description":"Retrouvez ici le patrimoine militaire de la ville de Maubeuge, apprenez l'histoire de l'Arsenal, de la Porte de Mons, ...","og_url":"https:\/\/lamallemaubeugeoise.fr\/index.php\/patrimoine\/patrimoine-militaire\/","og_site_name":"La Malle maubeugeoise","article_publisher":"https:\/\/www.facebook.com\/VilledeMaubeuge","article_modified_time":"2023-01-18T15:40:06+00:00","twitter_card":"summary_large_image","twitter_site":"@VilleMaubeuge","twitter_misc":{"Dur\u00e9e de lecture estim\u00e9e":"1 minute"},"schema":{"@context":"https:\/\/schema.org","@graph":[{"@type":"WebPage","@id":"https:\/\/lamallemaubeugeoise.fr\/index.php\/patrimoine\/patrimoine-militaire\/","url":"https:\/\/lamallemaubeugeoise.fr\/index.php\/patrimoine\/patrimoine-militaire\/","name":"La Malle maubeugeoise - Patrimoine militaire","isPartOf":{"@id":"https:\/\/lamallemaubeugeoise.fr\/#website"},"datePublished":"2022-09-28T09:50:58+00:00","dateModified":"2023-01-18T15:40:06+00:00","description":"Retrouvez ici le patrimoine militaire de la ville de Maubeuge, apprenez l'histoire de l'Arsenal, de la Porte de Mons, ...","breadcrumb":{"@id":"https:\/\/lamallemaubeugeoise.fr\/index.php\/patrimoine\/patrimoine-militaire\/#breadcrumb"},"inLanguage":"fr-FR","potentialAction":[{"@type":"ReadAction","target":["https:\/\/lamallemaubeugeoise.fr\/index.php\/patrimoine\/patrimoine-militaire\/"]}]},{"@type":"BreadcrumbList","@id":"https:\/\/lamallemaubeugeoise.fr\/index.php\/patrimoine\/patrimoine-militaire\/#breadcrumb","itemListElement":[{"@type":"ListItem","position":1,"name":"Accueil","item":"https:\/\/lamallemaubeugeoise.fr\/"},{"@type":"ListItem","position":2,"name":"Patrimoine","item":"https:\/\/lamallemaubeugeoise.fr\/index.php\/patrimoine\/"},{"@type":"ListItem","position":3,"name":"Patrimoine Militaire"}]},{"@type":"WebSite","@id":"https:\/\/lamallemaubeugeoise.fr\/#website","url":"https:\/\/lamallemaubeugeoise.fr\/","name":"La Malle maubeugeoise","description":"","publisher":{"@id":"https:\/\/lamallemaubeugeoise.fr\/#organization"},"potentialAction":[{"@type":"SearchAction","target":{"@type":"EntryPoint","urlTemplate":"https:\/\/lamallemaubeugeoise.fr\/?s={search_term_string}"},"query-input":{"@type":"PropertyValueSpecification","valueRequired":true,"valueName":"search_term_string"}}],"inLanguage":"fr-FR"},{"@type":"Organization","@id":"https:\/\/lamallemaubeugeoise.fr\/#organization","name":"La Malle maubeugeoise","url":"https:\/\/lamallemaubeugeoise.fr\/","logo":{"@type":"ImageObject","inLanguage":"fr-FR","@id":"https:\/\/lamallemaubeugeoise.fr\/#\/schema\/logo\/image\/","url":"https:\/\/lamallemaubeugeoise.fr\/wp-content\/uploads\/2022\/09\/logo_culture.png","contentUrl":"https:\/\/lamallemaubeugeoise.fr\/wp-content\/uploads\/2022\/09\/logo_culture.png","width":500,"height":270,"caption":"La Malle maubeugeoise"},"image":{"@id":"https:\/\/lamallemaubeugeoise.fr\/#\/schema\/logo\/image\/"},"sameAs":["https:\/\/www.facebook.com\/VilledeMaubeuge","https:\/\/x.com\/VilleMaubeuge","https:\/\/www.instagram.com\/villedemaubeuge\/","https:\/\/www.linkedin.com\/company\/42902618\/admin\/","https:\/\/www.youtube.com\/channel\/UCqOferEXg9bqKz_6mzrxN4w","https:\/\/t.me\/villeMaubeuge"]}]}},"_links":{"self":[{"href":"https:\/\/lamallemaubeugeoise.fr\/index.php\/wp-json\/wp\/v2\/pages\/585","targetHints":{"allow":["GET"]}}],"collection":[{"href":"https:\/\/lamallemaubeugeoise.fr\/index.php\/wp-json\/wp\/v2\/pages"}],"about":[{"href":"https:\/\/lamallemaubeugeoise.fr\/index.php\/wp-json\/wp\/v2\/types\/page"}],"author":[{"embeddable":true,"href":"https:\/\/lamallemaubeugeoise.fr\/index.php\/wp-json\/wp\/v2\/users\/1"}],"replies":[{"embeddable":true,"href":"https:\/\/lamallemaubeugeoise.fr\/index.php\/wp-json\/wp\/v2\/comments?post=585"}],"version-history":[{"count":22,"href":"https:\/\/lamallemaubeugeoise.fr\/index.php\/wp-json\/wp\/v2\/pages\/585\/revisions"}],"predecessor-version":[{"id":2572,"href":"https:\/\/lamallemaubeugeoise.fr\/index.php\/wp-json\/wp\/v2\/pages\/585\/revisions\/2572"}],"up":[{"embeddable":true,"href":"https:\/\/lamallemaubeugeoise.fr\/index.php\/wp-json\/wp\/v2\/pages\/282"}],"wp:attachment":[{"href":"https:\/\/lamallemaubeugeoise.fr\/index.php\/wp-json\/wp\/v2\/media?parent=585"}],"curies":[{"name":"wp","href":"https:\/\/api.w.org\/{rel}","templated":true}]}}