{"id":704,"date":"2022-10-04T07:40:04","date_gmt":"2022-10-04T07:40:04","guid":{"rendered":"https:\/\/intelligent-chatelet.51-83-109-90.plesk.page\/?page_id=704"},"modified":"2023-01-23T11:48:33","modified_gmt":"2023-01-23T10:48:33","slug":"la-seconde-reconstruction-maubeuge","status":"publish","type":"page","link":"https:\/\/lamallemaubeugeoise.fr\/index.php\/patrimoine\/la-seconde-reconstruction-maubeuge\/","title":{"rendered":"La seconde reconstruction"},"content":{"rendered":"\t\t<div data-elementor-type=\"wp-page\" data-elementor-id=\"704\" class=\"elementor elementor-704\" data-elementor-post-type=\"page\">\n\t\t\t\t\t\t<section class=\"elementor-section elementor-top-section elementor-element elementor-element-ac17598 elementor-section-boxed elementor-section-height-default elementor-section-height-default\" data-id=\"ac17598\" data-element_type=\"section\" data-e-type=\"section\">\n\t\t\t\t\t\t<div class=\"elementor-container elementor-column-gap-default\">\n\t\t\t\t\t<div class=\"elementor-column elementor-col-100 elementor-top-column elementor-element elementor-element-1042439\" data-id=\"1042439\" data-element_type=\"column\" data-e-type=\"column\">\n\t\t\t<div class=\"elementor-widget-wrap elementor-element-populated\">\n\t\t\t\t\t\t<div class=\"elementor-element elementor-element-0fe4ce1 elementor-widget elementor-widget-heading\" data-id=\"0fe4ce1\" data-element_type=\"widget\" data-e-type=\"widget\" data-widget_type=\"heading.default\">\n\t\t\t\t<div class=\"elementor-widget-container\">\n\t\t\t\t\t<h2 class=\"elementor-heading-title elementor-size-default\">La seconde reconstruction<\/h2>\t\t\t\t<\/div>\n\t\t\t\t<\/div>\n\t\t\t\t<div class=\"elementor-element elementor-element-50be6eb elementor-grid-4 elementor-grid-tablet-2 elementor-grid-mobile-1 elementor-widget elementor-widget-portfolio\" data-id=\"50be6eb\" data-element_type=\"widget\" data-e-type=\"widget\" data-settings=\"{&quot;columns&quot;:&quot;4&quot;,&quot;masonry&quot;:&quot;yes&quot;,&quot;row_gap&quot;:{&quot;unit&quot;:&quot;px&quot;,&quot;size&quot;:5,&quot;sizes&quot;:[]},&quot;columns_tablet&quot;:&quot;2&quot;,&quot;columns_mobile&quot;:&quot;1&quot;,&quot;item_gap&quot;:{&quot;unit&quot;:&quot;px&quot;,&quot;size&quot;:&quot;&quot;,&quot;sizes&quot;:[]}}\" data-widget_type=\"portfolio.default\">\n\t\t\t\t<div class=\"elementor-widget-container\">\n\t\t\t\t\t\t\t<ul class=\"elementor-portfolio__filters\">\n\t\t\t<li class=\"elementor-portfolio__filter elementor-active\" tabindex=\"0\" data-filter=\"__all\">Tout<\/li>\n\t\t\t\t\t\t\t<li class=\"elementor-portfolio__filter\" tabindex=\"0\" data-filter=\"44\">religieux<\/li>\n\t\t\t\t\t\t\t<li class=\"elementor-portfolio__filter\" tabindex=\"0\" data-filter=\"42\">seconde reconstruction<\/li>\n\t\t\t\t\t<\/ul>\n\t\t\t\t<div class=\"elementor-portfolio elementor-grid elementor-posts-container\" role=\"list\">\n\t\t\t\t<article class=\"elementor-portfolio-item elementor-post elementor-filter-42 post-1620 post type-post status-publish format-standard has-post-thumbnail hentry category-patrimoine tag-seconde-reconstruction\" role=\"listitem\">\n\t\t\t<a class=\"elementor-post__thumbnail__link\" href=\"https:\/\/lamallemaubeugeoise.fr\/index.php\/2022\/11\/08\/caf-cpam\/\">\n\t\t\t\t<div class=\"elementor-portfolio-item__img elementor-post__thumbnail\">\n\t\t\t<img fetchpriority=\"high\" decoding=\"async\" width=\"580\" height=\"387\" src=\"https:\/\/lamallemaubeugeoise.fr\/wp-content\/uploads\/2022\/09\/CAF-CPAM_028-Redimensionnee-1024x683.jpg\" class=\"attachment-large size-large wp-image-557\" alt=\"Photographie de l&#039;ancienne CAF - CPAM de Maubeuge\" srcset=\"https:\/\/lamallemaubeugeoise.fr\/wp-content\/uploads\/2022\/09\/CAF-CPAM_028-Redimensionnee-1024x683.jpg 1024w, https:\/\/lamallemaubeugeoise.fr\/wp-content\/uploads\/2022\/09\/CAF-CPAM_028-Redimensionnee-300x200.jpg 300w, https:\/\/lamallemaubeugeoise.fr\/wp-content\/uploads\/2022\/09\/CAF-CPAM_028-Redimensionnee-768x512.jpg 768w, https:\/\/lamallemaubeugeoise.fr\/wp-content\/uploads\/2022\/09\/CAF-CPAM_028-Redimensionnee-1536x1024.jpg 1536w, https:\/\/lamallemaubeugeoise.fr\/wp-content\/uploads\/2022\/09\/CAF-CPAM_028-Redimensionnee-1200x800.jpg 1200w, https:\/\/lamallemaubeugeoise.fr\/wp-content\/uploads\/2022\/09\/CAF-CPAM_028-Redimensionnee.jpg 1920w\" sizes=\"(max-width: 580px) 100vw, 580px\" \/>\t\t<\/div>\n\t\t\t\t<div class=\"elementor-portfolio-item__overlay\">\n\t\t\t\t<h3 class=\"elementor-portfolio-item__title\">\n\t\tCAF-CPAM\t\t<\/h3>\n\t\t\t\t<\/div>\n\t\t\t\t<\/a>\n\t\t<\/article>\n\t\t\t\t<article class=\"elementor-portfolio-item elementor-post elementor-filter-42 post-1616 post type-post status-publish format-standard has-post-thumbnail hentry category-patrimoine tag-seconde-reconstruction\" role=\"listitem\">\n\t\t\t<a class=\"elementor-post__thumbnail__link\" href=\"https:\/\/lamallemaubeugeoise.fr\/index.php\/2022\/11\/08\/hotel-de-ville\/\">\n\t\t\t\t<div class=\"elementor-portfolio-item__img elementor-post__thumbnail\">\n\t\t\t<img decoding=\"async\" width=\"580\" height=\"387\" src=\"https:\/\/lamallemaubeugeoise.fr\/wp-content\/uploads\/2022\/09\/HOTEL-VILLE_010-Redimensionnee-1024x683.jpg\" class=\"attachment-large size-large wp-image-564\" alt=\"Photographie de l&#039;h\u00f4tel de ville de Maubeuge\" srcset=\"https:\/\/lamallemaubeugeoise.fr\/wp-content\/uploads\/2022\/09\/HOTEL-VILLE_010-Redimensionnee-1024x683.jpg 1024w, https:\/\/lamallemaubeugeoise.fr\/wp-content\/uploads\/2022\/09\/HOTEL-VILLE_010-Redimensionnee-300x200.jpg 300w, https:\/\/lamallemaubeugeoise.fr\/wp-content\/uploads\/2022\/09\/HOTEL-VILLE_010-Redimensionnee-768x512.jpg 768w, https:\/\/lamallemaubeugeoise.fr\/wp-content\/uploads\/2022\/09\/HOTEL-VILLE_010-Redimensionnee-1536x1024.jpg 1536w, https:\/\/lamallemaubeugeoise.fr\/wp-content\/uploads\/2022\/09\/HOTEL-VILLE_010-Redimensionnee-1200x800.jpg 1200w, https:\/\/lamallemaubeugeoise.fr\/wp-content\/uploads\/2022\/09\/HOTEL-VILLE_010-Redimensionnee.jpg 1920w\" sizes=\"(max-width: 580px) 100vw, 580px\" \/>\t\t<\/div>\n\t\t\t\t<div class=\"elementor-portfolio-item__overlay\">\n\t\t\t\t<h3 class=\"elementor-portfolio-item__title\">\n\t\tH\u00f4tel de ville\t\t<\/h3>\n\t\t\t\t<\/div>\n\t\t\t\t<\/a>\n\t\t<\/article>\n\t\t\t\t<article class=\"elementor-portfolio-item elementor-post elementor-filter-44 elementor-filter-42 post-1468 post type-post status-publish format-standard has-post-thumbnail hentry category-patrimoine tag-religieux tag-seconde-reconstruction\" role=\"listitem\">\n\t\t\t<a class=\"elementor-post__thumbnail__link\" href=\"https:\/\/lamallemaubeugeoise.fr\/index.php\/2022\/11\/07\/eglise\/\">\n\t\t\t\t<div class=\"elementor-portfolio-item__img elementor-post__thumbnail\">\n\t\t\t<img decoding=\"async\" width=\"580\" height=\"870\" src=\"https:\/\/lamallemaubeugeoise.fr\/wp-content\/uploads\/2022\/10\/EGLISE-SPSP_009-Redimensionnee-683x1024.jpg\" class=\"attachment-large size-large wp-image-684\" alt=\"Photographie de l&#039;\u00e9glise Saint-Pierre Saint-Paul\" srcset=\"https:\/\/lamallemaubeugeoise.fr\/wp-content\/uploads\/2022\/10\/EGLISE-SPSP_009-Redimensionnee-683x1024.jpg 683w, https:\/\/lamallemaubeugeoise.fr\/wp-content\/uploads\/2022\/10\/EGLISE-SPSP_009-Redimensionnee-200x300.jpg 200w, https:\/\/lamallemaubeugeoise.fr\/wp-content\/uploads\/2022\/10\/EGLISE-SPSP_009-Redimensionnee-768x1152.jpg 768w, https:\/\/lamallemaubeugeoise.fr\/wp-content\/uploads\/2022\/10\/EGLISE-SPSP_009-Redimensionnee-1024x1536.jpg 1024w, https:\/\/lamallemaubeugeoise.fr\/wp-content\/uploads\/2022\/10\/EGLISE-SPSP_009-Redimensionnee-1365x2048.jpg 1365w, https:\/\/lamallemaubeugeoise.fr\/wp-content\/uploads\/2022\/10\/EGLISE-SPSP_009-Redimensionnee-1200x1800.jpg 1200w, https:\/\/lamallemaubeugeoise.fr\/wp-content\/uploads\/2022\/10\/EGLISE-SPSP_009-Redimensionnee-scaled.jpg 1707w\" sizes=\"(max-width: 580px) 100vw, 580px\" \/>\t\t<\/div>\n\t\t\t\t<div class=\"elementor-portfolio-item__overlay\">\n\t\t\t\t<h3 class=\"elementor-portfolio-item__title\">\n\t\tEglise Saint-Pierre &#8211; Saint-Paul\t\t<\/h3>\n\t\t\t\t<\/div>\n\t\t\t\t<\/a>\n\t\t<\/article>\n\t\t\t\t<article class=\"elementor-portfolio-item elementor-post elementor-filter-42 post-1412 post type-post status-publish format-standard has-post-thumbnail hentry category-patrimoine tag-seconde-reconstruction\" role=\"listitem\">\n\t\t\t<a class=\"elementor-post__thumbnail__link\" href=\"https:\/\/lamallemaubeugeoise.fr\/index.php\/2022\/11\/06\/pole-des-arts\/\">\n\t\t\t\t<div class=\"elementor-portfolio-item__img elementor-post__thumbnail\">\n\t\t\t<img loading=\"lazy\" decoding=\"async\" width=\"580\" height=\"387\" src=\"https:\/\/lamallemaubeugeoise.fr\/wp-content\/uploads\/2022\/10\/POLE-DES-ARTS_038-Redimensionnee-1024x683.jpg\" class=\"attachment-large size-large wp-image-689\" alt=\"Photographie du p\u00f4le des arts \u00e0 Maubeuge\" srcset=\"https:\/\/lamallemaubeugeoise.fr\/wp-content\/uploads\/2022\/10\/POLE-DES-ARTS_038-Redimensionnee-1024x683.jpg 1024w, https:\/\/lamallemaubeugeoise.fr\/wp-content\/uploads\/2022\/10\/POLE-DES-ARTS_038-Redimensionnee-300x200.jpg 300w, https:\/\/lamallemaubeugeoise.fr\/wp-content\/uploads\/2022\/10\/POLE-DES-ARTS_038-Redimensionnee-768x512.jpg 768w, https:\/\/lamallemaubeugeoise.fr\/wp-content\/uploads\/2022\/10\/POLE-DES-ARTS_038-Redimensionnee-1536x1024.jpg 1536w, https:\/\/lamallemaubeugeoise.fr\/wp-content\/uploads\/2022\/10\/POLE-DES-ARTS_038-Redimensionnee-1200x800.jpg 1200w, https:\/\/lamallemaubeugeoise.fr\/wp-content\/uploads\/2022\/10\/POLE-DES-ARTS_038-Redimensionnee.jpg 1920w\" sizes=\"(max-width: 580px) 100vw, 580px\" \/>\t\t<\/div>\n\t\t\t\t<div class=\"elementor-portfolio-item__overlay\">\n\t\t\t\t<h3 class=\"elementor-portfolio-item__title\">\n\t\tP\u00f4le des Arts\t\t<\/h3>\n\t\t\t\t<\/div>\n\t\t\t\t<\/a>\n\t\t<\/article>\n\t\t\t\t<\/div>\n\t\t\t\t\t\t<\/div>\n\t\t\t\t<\/div>\n\t\t\t\t\t<\/div>\n\t\t<\/div>\n\t\t\t\t\t<\/div>\n\t\t<\/section>\n\t\t\t\t<\/div>\n\t\t","protected":false},"excerpt":{"rendered":"<p>La seconde reconstruction<\/p>\n","protected":false},"author":1,"featured_media":0,"parent":282,"menu_order":0,"comment_status":"closed","ping_status":"closed","template":"elementor_header_footer","meta":{"footnotes":""},"class_list":["post-704","page","type-page","status-publish","hentry"],"yoast_head":"<!-- This site is optimized with the Yoast SEO plugin v27.5 - https:\/\/yoast.com\/product\/yoast-seo-wordpress\/ -->\n<title>La malle maubeugeoise - Seconde Reconstruction<\/title>\n<meta name=\"description\" content=\"La seconde reconstruction intervient \u00e0 Maubeuge suite \u00e0 la destruction de la ville apr\u00e8s la Seconde Guerre mondiale. En savoir plus...\" \/>\n<meta name=\"robots\" content=\"index, follow, max-snippet:-1, max-image-preview:large, max-video-preview:-1\" \/>\n<link rel=\"canonical\" href=\"https:\/\/lamallemaubeugeoise.fr\/index.php\/patrimoine\/la-seconde-reconstruction-maubeuge\/\" \/>\n<meta property=\"og:locale\" content=\"fr_FR\" \/>\n<meta property=\"og:type\" content=\"article\" \/>\n<meta property=\"og:title\" content=\"La malle maubeugeoise - Seconde Reconstruction\" \/>\n<meta property=\"og:description\" content=\"La seconde reconstruction intervient \u00e0 Maubeuge suite \u00e0 la destruction de la ville apr\u00e8s la Seconde Guerre mondiale. En savoir plus...\" \/>\n<meta property=\"og:url\" content=\"https:\/\/lamallemaubeugeoise.fr\/index.php\/patrimoine\/la-seconde-reconstruction-maubeuge\/\" \/>\n<meta property=\"og:site_name\" content=\"La Malle maubeugeoise\" \/>\n<meta property=\"article:publisher\" content=\"https:\/\/www.facebook.com\/VilledeMaubeuge\" \/>\n<meta property=\"article:modified_time\" content=\"2023-01-23T10:48:33+00:00\" \/>\n<meta name=\"twitter:card\" content=\"summary_large_image\" \/>\n<meta name=\"twitter:site\" content=\"@VilleMaubeuge\" \/>\n<meta name=\"twitter:label1\" content=\"Dur\u00e9e de lecture estim\u00e9e\" \/>\n\t<meta name=\"twitter:data1\" content=\"1 minute\" \/>\n<script type=\"application\/ld+json\" class=\"yoast-schema-graph\">{\"@context\":\"https:\\\/\\\/schema.org\",\"@graph\":[{\"@type\":\"WebPage\",\"@id\":\"https:\\\/\\\/lamallemaubeugeoise.fr\\\/index.php\\\/patrimoine\\\/la-seconde-reconstruction-maubeuge\\\/\",\"url\":\"https:\\\/\\\/lamallemaubeugeoise.fr\\\/index.php\\\/patrimoine\\\/la-seconde-reconstruction-maubeuge\\\/\",\"name\":\"La malle maubeugeoise - Seconde Reconstruction\",\"isPartOf\":{\"@id\":\"https:\\\/\\\/lamallemaubeugeoise.fr\\\/#website\"},\"datePublished\":\"2022-10-04T07:40:04+00:00\",\"dateModified\":\"2023-01-23T10:48:33+00:00\",\"description\":\"La seconde reconstruction intervient \u00e0 Maubeuge suite \u00e0 la destruction de la ville apr\u00e8s la Seconde Guerre mondiale. En savoir plus...\",\"breadcrumb\":{\"@id\":\"https:\\\/\\\/lamallemaubeugeoise.fr\\\/index.php\\\/patrimoine\\\/la-seconde-reconstruction-maubeuge\\\/#breadcrumb\"},\"inLanguage\":\"fr-FR\",\"potentialAction\":[{\"@type\":\"ReadAction\",\"target\":[\"https:\\\/\\\/lamallemaubeugeoise.fr\\\/index.php\\\/patrimoine\\\/la-seconde-reconstruction-maubeuge\\\/\"]}]},{\"@type\":\"BreadcrumbList\",\"@id\":\"https:\\\/\\\/lamallemaubeugeoise.fr\\\/index.php\\\/patrimoine\\\/la-seconde-reconstruction-maubeuge\\\/#breadcrumb\",\"itemListElement\":[{\"@type\":\"ListItem\",\"position\":1,\"name\":\"Accueil\",\"item\":\"https:\\\/\\\/lamallemaubeugeoise.fr\\\/\"},{\"@type\":\"ListItem\",\"position\":2,\"name\":\"Patrimoine\",\"item\":\"https:\\\/\\\/lamallemaubeugeoise.fr\\\/index.php\\\/patrimoine\\\/\"},{\"@type\":\"ListItem\",\"position\":3,\"name\":\"La seconde reconstruction\"}]},{\"@type\":\"WebSite\",\"@id\":\"https:\\\/\\\/lamallemaubeugeoise.fr\\\/#website\",\"url\":\"https:\\\/\\\/lamallemaubeugeoise.fr\\\/\",\"name\":\"La Malle maubeugeoise\",\"description\":\"\",\"publisher\":{\"@id\":\"https:\\\/\\\/lamallemaubeugeoise.fr\\\/#organization\"},\"potentialAction\":[{\"@type\":\"SearchAction\",\"target\":{\"@type\":\"EntryPoint\",\"urlTemplate\":\"https:\\\/\\\/lamallemaubeugeoise.fr\\\/?s={search_term_string}\"},\"query-input\":{\"@type\":\"PropertyValueSpecification\",\"valueRequired\":true,\"valueName\":\"search_term_string\"}}],\"inLanguage\":\"fr-FR\"},{\"@type\":\"Organization\",\"@id\":\"https:\\\/\\\/lamallemaubeugeoise.fr\\\/#organization\",\"name\":\"La Malle maubeugeoise\",\"url\":\"https:\\\/\\\/lamallemaubeugeoise.fr\\\/\",\"logo\":{\"@type\":\"ImageObject\",\"inLanguage\":\"fr-FR\",\"@id\":\"https:\\\/\\\/lamallemaubeugeoise.fr\\\/#\\\/schema\\\/logo\\\/image\\\/\",\"url\":\"https:\\\/\\\/lamallemaubeugeoise.fr\\\/wp-content\\\/uploads\\\/2022\\\/09\\\/logo_culture.png\",\"contentUrl\":\"https:\\\/\\\/lamallemaubeugeoise.fr\\\/wp-content\\\/uploads\\\/2022\\\/09\\\/logo_culture.png\",\"width\":500,\"height\":270,\"caption\":\"La Malle maubeugeoise\"},\"image\":{\"@id\":\"https:\\\/\\\/lamallemaubeugeoise.fr\\\/#\\\/schema\\\/logo\\\/image\\\/\"},\"sameAs\":[\"https:\\\/\\\/www.facebook.com\\\/VilledeMaubeuge\",\"https:\\\/\\\/x.com\\\/VilleMaubeuge\",\"https:\\\/\\\/www.instagram.com\\\/villedemaubeuge\\\/\",\"https:\\\/\\\/www.linkedin.com\\\/company\\\/42902618\\\/admin\\\/\",\"https:\\\/\\\/www.youtube.com\\\/channel\\\/UCqOferEXg9bqKz_6mzrxN4w\",\"https:\\\/\\\/t.me\\\/villeMaubeuge\"]}]}<\/script>\n<!-- \/ Yoast SEO plugin. -->","yoast_head_json":{"title":"La malle maubeugeoise - Seconde Reconstruction","description":"La seconde reconstruction intervient \u00e0 Maubeuge suite \u00e0 la destruction de la ville apr\u00e8s la Seconde Guerre mondiale. En savoir plus...","robots":{"index":"index","follow":"follow","max-snippet":"max-snippet:-1","max-image-preview":"max-image-preview:large","max-video-preview":"max-video-preview:-1"},"canonical":"https:\/\/lamallemaubeugeoise.fr\/index.php\/patrimoine\/la-seconde-reconstruction-maubeuge\/","og_locale":"fr_FR","og_type":"article","og_title":"La malle maubeugeoise - Seconde Reconstruction","og_description":"La seconde reconstruction intervient \u00e0 Maubeuge suite \u00e0 la destruction de la ville apr\u00e8s la Seconde Guerre mondiale. En savoir plus...","og_url":"https:\/\/lamallemaubeugeoise.fr\/index.php\/patrimoine\/la-seconde-reconstruction-maubeuge\/","og_site_name":"La Malle maubeugeoise","article_publisher":"https:\/\/www.facebook.com\/VilledeMaubeuge","article_modified_time":"2023-01-23T10:48:33+00:00","twitter_card":"summary_large_image","twitter_site":"@VilleMaubeuge","twitter_misc":{"Dur\u00e9e de lecture estim\u00e9e":"1 minute"},"schema":{"@context":"https:\/\/schema.org","@graph":[{"@type":"WebPage","@id":"https:\/\/lamallemaubeugeoise.fr\/index.php\/patrimoine\/la-seconde-reconstruction-maubeuge\/","url":"https:\/\/lamallemaubeugeoise.fr\/index.php\/patrimoine\/la-seconde-reconstruction-maubeuge\/","name":"La malle maubeugeoise - Seconde Reconstruction","isPartOf":{"@id":"https:\/\/lamallemaubeugeoise.fr\/#website"},"datePublished":"2022-10-04T07:40:04+00:00","dateModified":"2023-01-23T10:48:33+00:00","description":"La seconde reconstruction intervient \u00e0 Maubeuge suite \u00e0 la destruction de la ville apr\u00e8s la Seconde Guerre mondiale. En savoir plus...","breadcrumb":{"@id":"https:\/\/lamallemaubeugeoise.fr\/index.php\/patrimoine\/la-seconde-reconstruction-maubeuge\/#breadcrumb"},"inLanguage":"fr-FR","potentialAction":[{"@type":"ReadAction","target":["https:\/\/lamallemaubeugeoise.fr\/index.php\/patrimoine\/la-seconde-reconstruction-maubeuge\/"]}]},{"@type":"BreadcrumbList","@id":"https:\/\/lamallemaubeugeoise.fr\/index.php\/patrimoine\/la-seconde-reconstruction-maubeuge\/#breadcrumb","itemListElement":[{"@type":"ListItem","position":1,"name":"Accueil","item":"https:\/\/lamallemaubeugeoise.fr\/"},{"@type":"ListItem","position":2,"name":"Patrimoine","item":"https:\/\/lamallemaubeugeoise.fr\/index.php\/patrimoine\/"},{"@type":"ListItem","position":3,"name":"La seconde reconstruction"}]},{"@type":"WebSite","@id":"https:\/\/lamallemaubeugeoise.fr\/#website","url":"https:\/\/lamallemaubeugeoise.fr\/","name":"La Malle maubeugeoise","description":"","publisher":{"@id":"https:\/\/lamallemaubeugeoise.fr\/#organization"},"potentialAction":[{"@type":"SearchAction","target":{"@type":"EntryPoint","urlTemplate":"https:\/\/lamallemaubeugeoise.fr\/?s={search_term_string}"},"query-input":{"@type":"PropertyValueSpecification","valueRequired":true,"valueName":"search_term_string"}}],"inLanguage":"fr-FR"},{"@type":"Organization","@id":"https:\/\/lamallemaubeugeoise.fr\/#organization","name":"La Malle maubeugeoise","url":"https:\/\/lamallemaubeugeoise.fr\/","logo":{"@type":"ImageObject","inLanguage":"fr-FR","@id":"https:\/\/lamallemaubeugeoise.fr\/#\/schema\/logo\/image\/","url":"https:\/\/lamallemaubeugeoise.fr\/wp-content\/uploads\/2022\/09\/logo_culture.png","contentUrl":"https:\/\/lamallemaubeugeoise.fr\/wp-content\/uploads\/2022\/09\/logo_culture.png","width":500,"height":270,"caption":"La Malle maubeugeoise"},"image":{"@id":"https:\/\/lamallemaubeugeoise.fr\/#\/schema\/logo\/image\/"},"sameAs":["https:\/\/www.facebook.com\/VilledeMaubeuge","https:\/\/x.com\/VilleMaubeuge","https:\/\/www.instagram.com\/villedemaubeuge\/","https:\/\/www.linkedin.com\/company\/42902618\/admin\/","https:\/\/www.youtube.com\/channel\/UCqOferEXg9bqKz_6mzrxN4w","https:\/\/t.me\/villeMaubeuge"]}]}},"_links":{"self":[{"href":"https:\/\/lamallemaubeugeoise.fr\/index.php\/wp-json\/wp\/v2\/pages\/704","targetHints":{"allow":["GET"]}}],"collection":[{"href":"https:\/\/lamallemaubeugeoise.fr\/index.php\/wp-json\/wp\/v2\/pages"}],"about":[{"href":"https:\/\/lamallemaubeugeoise.fr\/index.php\/wp-json\/wp\/v2\/types\/page"}],"author":[{"embeddable":true,"href":"https:\/\/lamallemaubeugeoise.fr\/index.php\/wp-json\/wp\/v2\/users\/1"}],"replies":[{"embeddable":true,"href":"https:\/\/lamallemaubeugeoise.fr\/index.php\/wp-json\/wp\/v2\/comments?post=704"}],"version-history":[{"count":23,"href":"https:\/\/lamallemaubeugeoise.fr\/index.php\/wp-json\/wp\/v2\/pages\/704\/revisions"}],"predecessor-version":[{"id":2783,"href":"https:\/\/lamallemaubeugeoise.fr\/index.php\/wp-json\/wp\/v2\/pages\/704\/revisions\/2783"}],"up":[{"embeddable":true,"href":"https:\/\/lamallemaubeugeoise.fr\/index.php\/wp-json\/wp\/v2\/pages\/282"}],"wp:attachment":[{"href":"https:\/\/lamallemaubeugeoise.fr\/index.php\/wp-json\/wp\/v2\/media?parent=704"}],"curies":[{"name":"wp","href":"https:\/\/api.w.org\/{rel}","templated":true}]}}