{"id":778,"date":"2022-10-13T16:02:56","date_gmt":"2022-10-13T16:02:56","guid":{"rendered":"https:\/\/intelligent-chatelet.51-83-109-90.plesk.page\/?page_id=778"},"modified":"2023-05-04T13:01:48","modified_gmt":"2023-05-04T11:01:48","slug":"liens-utiles","status":"publish","type":"page","link":"https:\/\/lamallemaubeugeoise.fr\/index.php\/liens-utiles\/","title":{"rendered":"Liens utiles"},"content":{"rendered":"\t\t<div data-elementor-type=\"wp-page\" data-elementor-id=\"778\" class=\"elementor elementor-778\" data-elementor-post-type=\"page\">\n\t\t\t\t\t\t<section class=\"elementor-section elementor-top-section elementor-element elementor-element-62b59098 elementor-section-height-min-height elementor-section-items-stretch elementor-section-content-middle elementor-section-boxed elementor-section-height-default\" data-id=\"62b59098\" data-element_type=\"section\" data-e-type=\"section\" data-settings=\"{&quot;background_background&quot;:&quot;classic&quot;}\">\n\t\t\t\t\t\t\t<div class=\"elementor-background-overlay\"><\/div>\n\t\t\t\t\t\t\t<div class=\"elementor-container elementor-column-gap-no\">\n\t\t\t\t\t<div class=\"elementor-column elementor-col-100 elementor-top-column elementor-element elementor-element-2d482a55\" data-id=\"2d482a55\" data-element_type=\"column\" data-e-type=\"column\">\n\t\t\t<div class=\"elementor-widget-wrap elementor-element-populated\">\n\t\t\t\t\t\t<div class=\"elementor-element elementor-element-251a4c24 elementor-widget elementor-widget-heading\" data-id=\"251a4c24\" data-element_type=\"widget\" data-e-type=\"widget\" data-widget_type=\"heading.default\">\n\t\t\t\t<div class=\"elementor-widget-container\">\n\t\t\t\t\t<h1 class=\"elementor-heading-title elementor-size-default\">Maubeuge, ville d'Art et de Culture<\/h1>\t\t\t\t<\/div>\n\t\t\t\t<\/div>\n\t\t\t\t\t<\/div>\n\t\t<\/div>\n\t\t\t\t\t<\/div>\n\t\t<\/section>\n\t\t\t\t<section class=\"elementor-section elementor-top-section elementor-element elementor-element-6573f1f6 elementor-section-full_width elementor-section-content-middle elementor-reverse-tablet elementor-reverse-mobile elementor-section-height-default elementor-section-height-default\" data-id=\"6573f1f6\" data-element_type=\"section\" data-e-type=\"section\">\n\t\t\t\t\t\t<div class=\"elementor-container elementor-column-gap-no\">\n\t\t\t\t\t<div class=\"elementor-column elementor-col-100 elementor-top-column elementor-element elementor-element-6515932a\" data-id=\"6515932a\" data-element_type=\"column\" data-e-type=\"column\">\n\t\t\t<div class=\"elementor-widget-wrap elementor-element-populated\">\n\t\t\t\t\t\t<div class=\"elementor-element elementor-element-04595f5 elementor-widget elementor-widget-text-editor\" data-id=\"04595f5\" data-element_type=\"widget\" data-e-type=\"widget\" data-widget_type=\"text-editor.default\">\n\t\t\t\t<div class=\"elementor-widget-container\">\n\t\t\t\t\t\t\t\t\t<p><span style=\"text-decoration: underline;\"><strong>Liens utiles<\/strong><\/span><\/p>\n<p>Archives D\u00e9partementales du Nord&nbsp;:<\/p>\n<p><a href=\"https:\/\/archivesdepartementales.lenord.fr\/\">www.archivesdepartementales.lenord.fr<\/a><\/p>\n<p>Archives D\u00e9partementales du Pas de Calais&nbsp;:<\/p>\n<p><a href=\"http:\/\/www.archivespasdecalais.fr\">www.archivespasdecalais.fr<\/a><\/p>\n<p>Centre historique des Archives Nationales&nbsp;:<\/p>\n<p><a href=\"http:\/\/www.archivesnationales.culture.gouv.fr\">www.archivesnationales.culture.gouv.fr<\/a><\/p>\n<p><strong>Associations de g\u00e9n\u00e9alogie&nbsp;:<\/strong><\/p>\n<p>Association G\u00e9n\u00e9alogique Maubeuge Avesnois Thi\u00e9rache&nbsp;:<\/p>\n<p><a href=\"http:\/\/genealogie-avesnois.fr\/\">www.genealogie-avesnois.fr<\/a><\/p>\n<p>Association Racines et Patrimoine&nbsp;:<\/p>\n<p><a href=\"http:\/\/www.rp59.fr\">www.rp59.fr<\/a><\/p>\t\t\t\t\t\t\t\t<\/div>\n\t\t\t\t<\/div>\n\t\t\t\t\t<\/div>\n\t\t<\/div>\n\t\t\t\t\t<\/div>\n\t\t<\/section>\n\t\t\t\t<\/div>\n\t\t","protected":false},"excerpt":{"rendered":"<p>Maubeuge, ville d&rsquo;Art et de Culture Liens utiles Archives D\u00e9partementales du Nord&nbsp;: www.archivesdepartementales.lenord.fr Archives D\u00e9partementales du Pas de Calais&nbsp;: www.archivespasdecalais.fr Centre historique des Archives Nationales&nbsp;: www.archivesnationales.culture.gouv.fr Associations de g\u00e9n\u00e9alogie&nbsp;: Association G\u00e9n\u00e9alogique Maubeuge Avesnois Thi\u00e9rache&nbsp;: www.genealogie-avesnois.fr Association Racines et Patrimoine&nbsp;: www.rp59.fr<\/p>\n","protected":false},"author":1,"featured_media":0,"parent":0,"menu_order":0,"comment_status":"closed","ping_status":"closed","template":"elementor_header_footer","meta":{"footnotes":""},"class_list":["post-778","page","type-page","status-publish","hentry"],"yoast_head":"<!-- This site is optimized with the Yoast SEO plugin v27.2 - https:\/\/yoast.com\/product\/yoast-seo-wordpress\/ -->\n<title>Liens utiles - La Malle maubeugeoise<\/title>\n<meta name=\"robots\" content=\"index, follow, max-snippet:-1, max-image-preview:large, max-video-preview:-1\" \/>\n<link rel=\"canonical\" href=\"https:\/\/lamallemaubeugeoise.fr\/index.php\/liens-utiles\/\" \/>\n<meta property=\"og:locale\" content=\"fr_FR\" \/>\n<meta property=\"og:type\" content=\"article\" \/>\n<meta property=\"og:title\" content=\"Liens utiles - La Malle maubeugeoise\" \/>\n<meta property=\"og:description\" content=\"Maubeuge, ville d&rsquo;Art et de Culture Liens utiles Archives D\u00e9partementales du Nord&nbsp;: www.archivesdepartementales.lenord.fr Archives D\u00e9partementales du Pas de Calais&nbsp;: www.archivespasdecalais.fr Centre historique des Archives Nationales&nbsp;: www.archivesnationales.culture.gouv.fr Associations de g\u00e9n\u00e9alogie&nbsp;: Association G\u00e9n\u00e9alogique Maubeuge Avesnois Thi\u00e9rache&nbsp;: www.genealogie-avesnois.fr Association Racines et Patrimoine&nbsp;: www.rp59.fr\" \/>\n<meta property=\"og:url\" content=\"https:\/\/lamallemaubeugeoise.fr\/index.php\/liens-utiles\/\" \/>\n<meta property=\"og:site_name\" content=\"La Malle maubeugeoise\" \/>\n<meta property=\"article:publisher\" content=\"https:\/\/www.facebook.com\/VilledeMaubeuge\" \/>\n<meta property=\"article:modified_time\" content=\"2023-05-04T11:01:48+00:00\" \/>\n<meta name=\"twitter:card\" content=\"summary_large_image\" \/>\n<meta name=\"twitter:site\" content=\"@VilleMaubeuge\" \/>\n<meta name=\"twitter:label1\" content=\"Dur\u00e9e de lecture estim\u00e9e\" \/>\n\t<meta name=\"twitter:data1\" content=\"1 minute\" \/>\n<script type=\"application\/ld+json\" class=\"yoast-schema-graph\">{\"@context\":\"https:\/\/schema.org\",\"@graph\":[{\"@type\":\"WebPage\",\"@id\":\"https:\/\/lamallemaubeugeoise.fr\/index.php\/liens-utiles\/\",\"url\":\"https:\/\/lamallemaubeugeoise.fr\/index.php\/liens-utiles\/\",\"name\":\"Liens utiles - La Malle maubeugeoise\",\"isPartOf\":{\"@id\":\"https:\/\/lamallemaubeugeoise.fr\/#website\"},\"datePublished\":\"2022-10-13T16:02:56+00:00\",\"dateModified\":\"2023-05-04T11:01:48+00:00\",\"breadcrumb\":{\"@id\":\"https:\/\/lamallemaubeugeoise.fr\/index.php\/liens-utiles\/#breadcrumb\"},\"inLanguage\":\"fr-FR\",\"potentialAction\":[{\"@type\":\"ReadAction\",\"target\":[\"https:\/\/lamallemaubeugeoise.fr\/index.php\/liens-utiles\/\"]}]},{\"@type\":\"BreadcrumbList\",\"@id\":\"https:\/\/lamallemaubeugeoise.fr\/index.php\/liens-utiles\/#breadcrumb\",\"itemListElement\":[{\"@type\":\"ListItem\",\"position\":1,\"name\":\"Accueil\",\"item\":\"https:\/\/lamallemaubeugeoise.fr\/\"},{\"@type\":\"ListItem\",\"position\":2,\"name\":\"Liens utiles\"}]},{\"@type\":\"WebSite\",\"@id\":\"https:\/\/lamallemaubeugeoise.fr\/#website\",\"url\":\"https:\/\/lamallemaubeugeoise.fr\/\",\"name\":\"La Malle maubeugeoise\",\"description\":\"\",\"publisher\":{\"@id\":\"https:\/\/lamallemaubeugeoise.fr\/#organization\"},\"potentialAction\":[{\"@type\":\"SearchAction\",\"target\":{\"@type\":\"EntryPoint\",\"urlTemplate\":\"https:\/\/lamallemaubeugeoise.fr\/?s={search_term_string}\"},\"query-input\":{\"@type\":\"PropertyValueSpecification\",\"valueRequired\":true,\"valueName\":\"search_term_string\"}}],\"inLanguage\":\"fr-FR\"},{\"@type\":\"Organization\",\"@id\":\"https:\/\/lamallemaubeugeoise.fr\/#organization\",\"name\":\"La Malle maubeugeoise\",\"url\":\"https:\/\/lamallemaubeugeoise.fr\/\",\"logo\":{\"@type\":\"ImageObject\",\"inLanguage\":\"fr-FR\",\"@id\":\"https:\/\/lamallemaubeugeoise.fr\/#\/schema\/logo\/image\/\",\"url\":\"https:\/\/lamallemaubeugeoise.fr\/wp-content\/uploads\/2022\/09\/logo_culture.png\",\"contentUrl\":\"https:\/\/lamallemaubeugeoise.fr\/wp-content\/uploads\/2022\/09\/logo_culture.png\",\"width\":500,\"height\":270,\"caption\":\"La Malle maubeugeoise\"},\"image\":{\"@id\":\"https:\/\/lamallemaubeugeoise.fr\/#\/schema\/logo\/image\/\"},\"sameAs\":[\"https:\/\/www.facebook.com\/VilledeMaubeuge\",\"https:\/\/x.com\/VilleMaubeuge\",\"https:\/\/www.instagram.com\/villedemaubeuge\/\",\"https:\/\/www.linkedin.com\/company\/42902618\/admin\/\",\"https:\/\/www.youtube.com\/channel\/UCqOferEXg9bqKz_6mzrxN4w\",\"https:\/\/t.me\/villeMaubeuge\"]}]}<\/script>\n<!-- \/ Yoast SEO plugin. -->","yoast_head_json":{"title":"Liens utiles - La Malle maubeugeoise","robots":{"index":"index","follow":"follow","max-snippet":"max-snippet:-1","max-image-preview":"max-image-preview:large","max-video-preview":"max-video-preview:-1"},"canonical":"https:\/\/lamallemaubeugeoise.fr\/index.php\/liens-utiles\/","og_locale":"fr_FR","og_type":"article","og_title":"Liens utiles - La Malle maubeugeoise","og_description":"Maubeuge, ville d&rsquo;Art et de Culture Liens utiles Archives D\u00e9partementales du Nord&nbsp;: www.archivesdepartementales.lenord.fr Archives D\u00e9partementales du Pas de Calais&nbsp;: www.archivespasdecalais.fr Centre historique des Archives Nationales&nbsp;: www.archivesnationales.culture.gouv.fr Associations de g\u00e9n\u00e9alogie&nbsp;: Association G\u00e9n\u00e9alogique Maubeuge Avesnois Thi\u00e9rache&nbsp;: www.genealogie-avesnois.fr Association Racines et Patrimoine&nbsp;: www.rp59.fr","og_url":"https:\/\/lamallemaubeugeoise.fr\/index.php\/liens-utiles\/","og_site_name":"La Malle maubeugeoise","article_publisher":"https:\/\/www.facebook.com\/VilledeMaubeuge","article_modified_time":"2023-05-04T11:01:48+00:00","twitter_card":"summary_large_image","twitter_site":"@VilleMaubeuge","twitter_misc":{"Dur\u00e9e de lecture estim\u00e9e":"1 minute"},"schema":{"@context":"https:\/\/schema.org","@graph":[{"@type":"WebPage","@id":"https:\/\/lamallemaubeugeoise.fr\/index.php\/liens-utiles\/","url":"https:\/\/lamallemaubeugeoise.fr\/index.php\/liens-utiles\/","name":"Liens utiles - La Malle maubeugeoise","isPartOf":{"@id":"https:\/\/lamallemaubeugeoise.fr\/#website"},"datePublished":"2022-10-13T16:02:56+00:00","dateModified":"2023-05-04T11:01:48+00:00","breadcrumb":{"@id":"https:\/\/lamallemaubeugeoise.fr\/index.php\/liens-utiles\/#breadcrumb"},"inLanguage":"fr-FR","potentialAction":[{"@type":"ReadAction","target":["https:\/\/lamallemaubeugeoise.fr\/index.php\/liens-utiles\/"]}]},{"@type":"BreadcrumbList","@id":"https:\/\/lamallemaubeugeoise.fr\/index.php\/liens-utiles\/#breadcrumb","itemListElement":[{"@type":"ListItem","position":1,"name":"Accueil","item":"https:\/\/lamallemaubeugeoise.fr\/"},{"@type":"ListItem","position":2,"name":"Liens utiles"}]},{"@type":"WebSite","@id":"https:\/\/lamallemaubeugeoise.fr\/#website","url":"https:\/\/lamallemaubeugeoise.fr\/","name":"La Malle maubeugeoise","description":"","publisher":{"@id":"https:\/\/lamallemaubeugeoise.fr\/#organization"},"potentialAction":[{"@type":"SearchAction","target":{"@type":"EntryPoint","urlTemplate":"https:\/\/lamallemaubeugeoise.fr\/?s={search_term_string}"},"query-input":{"@type":"PropertyValueSpecification","valueRequired":true,"valueName":"search_term_string"}}],"inLanguage":"fr-FR"},{"@type":"Organization","@id":"https:\/\/lamallemaubeugeoise.fr\/#organization","name":"La Malle maubeugeoise","url":"https:\/\/lamallemaubeugeoise.fr\/","logo":{"@type":"ImageObject","inLanguage":"fr-FR","@id":"https:\/\/lamallemaubeugeoise.fr\/#\/schema\/logo\/image\/","url":"https:\/\/lamallemaubeugeoise.fr\/wp-content\/uploads\/2022\/09\/logo_culture.png","contentUrl":"https:\/\/lamallemaubeugeoise.fr\/wp-content\/uploads\/2022\/09\/logo_culture.png","width":500,"height":270,"caption":"La Malle maubeugeoise"},"image":{"@id":"https:\/\/lamallemaubeugeoise.fr\/#\/schema\/logo\/image\/"},"sameAs":["https:\/\/www.facebook.com\/VilledeMaubeuge","https:\/\/x.com\/VilleMaubeuge","https:\/\/www.instagram.com\/villedemaubeuge\/","https:\/\/www.linkedin.com\/company\/42902618\/admin\/","https:\/\/www.youtube.com\/channel\/UCqOferEXg9bqKz_6mzrxN4w","https:\/\/t.me\/villeMaubeuge"]}]}},"_links":{"self":[{"href":"https:\/\/lamallemaubeugeoise.fr\/index.php\/wp-json\/wp\/v2\/pages\/778","targetHints":{"allow":["GET"]}}],"collection":[{"href":"https:\/\/lamallemaubeugeoise.fr\/index.php\/wp-json\/wp\/v2\/pages"}],"about":[{"href":"https:\/\/lamallemaubeugeoise.fr\/index.php\/wp-json\/wp\/v2\/types\/page"}],"author":[{"embeddable":true,"href":"https:\/\/lamallemaubeugeoise.fr\/index.php\/wp-json\/wp\/v2\/users\/1"}],"replies":[{"embeddable":true,"href":"https:\/\/lamallemaubeugeoise.fr\/index.php\/wp-json\/wp\/v2\/comments?post=778"}],"version-history":[{"count":30,"href":"https:\/\/lamallemaubeugeoise.fr\/index.php\/wp-json\/wp\/v2\/pages\/778\/revisions"}],"predecessor-version":[{"id":3045,"href":"https:\/\/lamallemaubeugeoise.fr\/index.php\/wp-json\/wp\/v2\/pages\/778\/revisions\/3045"}],"wp:attachment":[{"href":"https:\/\/lamallemaubeugeoise.fr\/index.php\/wp-json\/wp\/v2\/media?parent=778"}],"curies":[{"name":"wp","href":"https:\/\/api.w.org\/{rel}","templated":true}]}}