{"id":88,"date":"2022-09-10T09:09:07","date_gmt":"2022-09-10T09:09:07","guid":{"rendered":"https:\/\/intelligent-chatelet.51-83-109-90.plesk.page\/index.php\/about\/"},"modified":"2023-01-20T09:42:42","modified_gmt":"2023-01-20T08:42:42","slug":"actualites","status":"publish","type":"page","link":"https:\/\/lamallemaubeugeoise.fr\/index.php\/actualites\/","title":{"rendered":"Actualit\u00e9s"},"content":{"rendered":"\t\t<div data-elementor-type=\"wp-page\" data-elementor-id=\"88\" class=\"elementor elementor-88\" data-elementor-post-type=\"page\">\n\t\t\t\t\t\t<section class=\"elementor-section elementor-top-section elementor-element elementor-element-ac8aaf4 elementor-section-boxed elementor-section-height-default elementor-section-height-default\" data-id=\"ac8aaf4\" data-element_type=\"section\" data-e-type=\"section\">\n\t\t\t\t\t\t<div class=\"elementor-container elementor-column-gap-default\">\n\t\t\t\t\t<div class=\"elementor-column elementor-col-100 elementor-top-column elementor-element elementor-element-22dc4ff\" data-id=\"22dc4ff\" data-element_type=\"column\" data-e-type=\"column\">\n\t\t\t<div class=\"elementor-widget-wrap elementor-element-populated\">\n\t\t\t\t\t\t<div class=\"elementor-element elementor-element-ef7f36a elementor-widget elementor-widget-heading\" data-id=\"ef7f36a\" data-element_type=\"widget\" data-e-type=\"widget\" data-widget_type=\"heading.default\">\n\t\t\t\t<div class=\"elementor-widget-container\">\n\t\t\t\t\t<h2 class=\"elementor-heading-title elementor-size-default\">Actualit\u00e9s<\/h2>\t\t\t\t<\/div>\n\t\t\t\t<\/div>\n\t\t\t\t<div class=\"elementor-element elementor-element-3801a2b elementor-posts--align-center elementor-grid-3 elementor-grid-tablet-2 elementor-grid-mobile-1 elementor-posts--thumbnail-top elementor-widget elementor-widget-posts\" data-id=\"3801a2b\" data-element_type=\"widget\" data-e-type=\"widget\" data-settings=\"{&quot;classic_columns&quot;:&quot;3&quot;,&quot;classic_columns_tablet&quot;:&quot;2&quot;,&quot;classic_columns_mobile&quot;:&quot;1&quot;,&quot;classic_row_gap&quot;:{&quot;unit&quot;:&quot;px&quot;,&quot;size&quot;:35,&quot;sizes&quot;:[]},&quot;classic_row_gap_tablet&quot;:{&quot;unit&quot;:&quot;px&quot;,&quot;size&quot;:&quot;&quot;,&quot;sizes&quot;:[]},&quot;classic_row_gap_mobile&quot;:{&quot;unit&quot;:&quot;px&quot;,&quot;size&quot;:&quot;&quot;,&quot;sizes&quot;:[]}}\" data-widget_type=\"posts.classic\">\n\t\t\t\t<div class=\"elementor-widget-container\">\n\t\t\t\t\t\t\t<div class=\"elementor-posts-container elementor-posts elementor-posts--skin-classic elementor-grid\" role=\"list\">\n\t\t\t\t<article class=\"elementor-post elementor-grid-item post-3370 post type-post status-publish format-standard has-post-thumbnail hentry category-blog\" role=\"listitem\">\n\t\t\t\t<a class=\"elementor-post__thumbnail__link\" href=\"https:\/\/lamallemaubeugeoise.fr\/index.php\/2025\/11\/18\/partagez-vos-photos-pour-le-spr\/\" tabindex=\"-1\" >\n\t\t\t<div class=\"elementor-post__thumbnail\"><img fetchpriority=\"high\" decoding=\"async\" width=\"849\" height=\"1200\" src=\"https:\/\/lamallemaubeugeoise.fr\/wp-content\/uploads\/2025\/11\/SPR-Maubeuge-flyer-scaled.webp\" class=\"attachment-2048x2048 size-2048x2048 wp-image-3371\" alt=\"\" srcset=\"https:\/\/lamallemaubeugeoise.fr\/wp-content\/uploads\/2025\/11\/SPR-Maubeuge-flyer-scaled.webp 849w, https:\/\/lamallemaubeugeoise.fr\/wp-content\/uploads\/2025\/11\/SPR-Maubeuge-flyer-212x300.webp 212w, https:\/\/lamallemaubeugeoise.fr\/wp-content\/uploads\/2025\/11\/SPR-Maubeuge-flyer-724x1024.webp 724w, https:\/\/lamallemaubeugeoise.fr\/wp-content\/uploads\/2025\/11\/SPR-Maubeuge-flyer-768x1086.webp 768w\" sizes=\"(max-width: 849px) 100vw, 849px\" \/><\/div>\n\t\t<\/a>\n\t\t\t\t<div class=\"elementor-post__text\">\n\t\t\t\t<h3 class=\"elementor-post__title\">\n\t\t\t<a href=\"https:\/\/lamallemaubeugeoise.fr\/index.php\/2025\/11\/18\/partagez-vos-photos-pour-le-spr\/\" >\n\t\t\t\tPartagez vos photos pour le SPR !\t\t\t<\/a>\n\t\t<\/h3>\n\t\t\t\t<div class=\"elementor-post__meta-data\">\n\t\t\t\t\t<span class=\"elementor-post-date\">\n\t\t\t18 novembre 2025\t\t<\/span>\n\t\t\t\t<\/div>\n\t\t\t\t<div class=\"elementor-post__excerpt\">\n\t\t\t<p>Nous cherchons des photographies d\u2019int\u00e9rieur de logements ou parties communes des immeubles construits entre 1946-1958. Partagez vos photos&nbsp;! Si des \u00e9l\u00e9ments d\u2019origine (mosa\u00efques, carrelages, portes,<\/p>\n\t\t<\/div>\n\t\t\n\t\t<a class=\"elementor-post__read-more\" href=\"https:\/\/lamallemaubeugeoise.fr\/index.php\/2025\/11\/18\/partagez-vos-photos-pour-le-spr\/\" aria-label=\"En savoir plus sur Partagez vos photos pour le SPR !\" tabindex=\"-1\" >\n\t\t\tLire la suite \u00bb\t\t<\/a>\n\n\t\t\t\t<\/div>\n\t\t\t\t<\/article>\n\t\t\t\t<article class=\"elementor-post elementor-grid-item post-3364 post type-post status-publish format-standard has-post-thumbnail hentry category-blog\" role=\"listitem\">\n\t\t\t\t<a class=\"elementor-post__thumbnail__link\" href=\"https:\/\/lamallemaubeugeoise.fr\/index.php\/2025\/10\/15\/les-journees-nationales-de-larchitecture-debarquent-a-maubeuge\/\" tabindex=\"-1\" >\n\t\t\t<div class=\"elementor-post__thumbnail\"><img decoding=\"async\" width=\"844\" height=\"1200\" src=\"https:\/\/lamallemaubeugeoise.fr\/wp-content\/uploads\/2025\/10\/Capture-decran-2025-10-15-a-21.54.57-scaled.webp\" class=\"attachment-2048x2048 size-2048x2048 wp-image-3367\" alt=\"\" srcset=\"https:\/\/lamallemaubeugeoise.fr\/wp-content\/uploads\/2025\/10\/Capture-decran-2025-10-15-a-21.54.57-scaled.webp 844w, https:\/\/lamallemaubeugeoise.fr\/wp-content\/uploads\/2025\/10\/Capture-decran-2025-10-15-a-21.54.57-211x300.webp 211w, https:\/\/lamallemaubeugeoise.fr\/wp-content\/uploads\/2025\/10\/Capture-decran-2025-10-15-a-21.54.57-720x1024.webp 720w, https:\/\/lamallemaubeugeoise.fr\/wp-content\/uploads\/2025\/10\/Capture-decran-2025-10-15-a-21.54.57-768x1092.webp 768w\" sizes=\"(max-width: 844px) 100vw, 844px\" \/><\/div>\n\t\t<\/a>\n\t\t\t\t<div class=\"elementor-post__text\">\n\t\t\t\t<h3 class=\"elementor-post__title\">\n\t\t\t<a href=\"https:\/\/lamallemaubeugeoise.fr\/index.php\/2025\/10\/15\/les-journees-nationales-de-larchitecture-debarquent-a-maubeuge\/\" >\n\t\t\t\tLes Journ\u00e9es Nationales de l\u2019Architecture d\u00e9barquent \u00e0 Maubeuge !\t\t\t<\/a>\n\t\t<\/h3>\n\t\t\t\t<div class=\"elementor-post__meta-data\">\n\t\t\t\t\t<span class=\"elementor-post-date\">\n\t\t\t15 octobre 2025\t\t<\/span>\n\t\t\t\t<\/div>\n\t\t\t\t<div class=\"elementor-post__excerpt\">\n\t\t\t<p>Du 18 au 19 octobre 2025, la ville de Maubeuge vous fait (re)d\u00e9couvrir son patrimoine architectural \u00e0 travers de nombreuses activit\u00e9s. \u00c0 l\u2019occasion des Journ\u00e9es<\/p>\n\t\t<\/div>\n\t\t\n\t\t<a class=\"elementor-post__read-more\" href=\"https:\/\/lamallemaubeugeoise.fr\/index.php\/2025\/10\/15\/les-journees-nationales-de-larchitecture-debarquent-a-maubeuge\/\" aria-label=\"En savoir plus sur Les Journ\u00e9es Nationales de l\u2019Architecture d\u00e9barquent \u00e0 Maubeuge !\" tabindex=\"-1\" >\n\t\t\tLire la suite \u00bb\t\t<\/a>\n\n\t\t\t\t<\/div>\n\t\t\t\t<\/article>\n\t\t\t\t<article class=\"elementor-post elementor-grid-item post-3358 post type-post status-publish format-standard has-post-thumbnail hentry category-blog\" role=\"listitem\">\n\t\t\t\t<a class=\"elementor-post__thumbnail__link\" href=\"https:\/\/lamallemaubeugeoise.fr\/index.php\/2025\/09\/12\/les-journees-europeennes-du-patrimoine-reviennent-a-maubeuge\/\" tabindex=\"-1\" >\n\t\t\t<div class=\"elementor-post__thumbnail\"><img decoding=\"async\" width=\"904\" height=\"622\" src=\"https:\/\/lamallemaubeugeoise.fr\/wp-content\/uploads\/2025\/09\/journee.webp\" class=\"attachment-2048x2048 size-2048x2048 wp-image-3359\" alt=\"\" srcset=\"https:\/\/lamallemaubeugeoise.fr\/wp-content\/uploads\/2025\/09\/journee.webp 904w, https:\/\/lamallemaubeugeoise.fr\/wp-content\/uploads\/2025\/09\/journee-300x206.webp 300w, https:\/\/lamallemaubeugeoise.fr\/wp-content\/uploads\/2025\/09\/journee-768x528.webp 768w\" sizes=\"(max-width: 904px) 100vw, 904px\" \/><\/div>\n\t\t<\/a>\n\t\t\t\t<div class=\"elementor-post__text\">\n\t\t\t\t<h3 class=\"elementor-post__title\">\n\t\t\t<a href=\"https:\/\/lamallemaubeugeoise.fr\/index.php\/2025\/09\/12\/les-journees-europeennes-du-patrimoine-reviennent-a-maubeuge\/\" >\n\t\t\t\tLes Journ\u00e9es Europ\u00e9ennes du Patrimoine reviennent \u00e0 Maubeuge\t\t\t<\/a>\n\t\t<\/h3>\n\t\t\t\t<div class=\"elementor-post__meta-data\">\n\t\t\t\t\t<span class=\"elementor-post-date\">\n\t\t\t12 septembre 2025\t\t<\/span>\n\t\t\t\t<\/div>\n\t\t\t\t<div class=\"elementor-post__excerpt\">\n\t\t\t<p>Du 19 au 21 septembre 2025, la ville de Maubeuge vous fait (re)d\u00e9couvrir son patrimoine \u00e0 travers de nombreuses activit\u00e9s. Le patrimoine maubeugeois est \u00e0<\/p>\n\t\t<\/div>\n\t\t\n\t\t<a class=\"elementor-post__read-more\" href=\"https:\/\/lamallemaubeugeoise.fr\/index.php\/2025\/09\/12\/les-journees-europeennes-du-patrimoine-reviennent-a-maubeuge\/\" aria-label=\"En savoir plus sur Les Journ\u00e9es Europ\u00e9ennes du Patrimoine reviennent \u00e0 Maubeuge\" tabindex=\"-1\" >\n\t\t\tLire la suite \u00bb\t\t<\/a>\n\n\t\t\t\t<\/div>\n\t\t\t\t<\/article>\n\t\t\t\t<article class=\"elementor-post elementor-grid-item post-3351 post type-post status-publish format-standard has-post-thumbnail hentry category-blog\" role=\"listitem\">\n\t\t\t\t<a class=\"elementor-post__thumbnail__link\" href=\"https:\/\/lamallemaubeugeoise.fr\/index.php\/2025\/04\/30\/dans-les-pas-de-lurcat-maubeuge-2024-2025-remise-des-prix\/\" tabindex=\"-1\" >\n\t\t\t<div class=\"elementor-post__thumbnail\"><img loading=\"lazy\" decoding=\"async\" width=\"1200\" height=\"599\" src=\"https:\/\/lamallemaubeugeoise.fr\/wp-content\/uploads\/2025\/05\/Dans_pas_lurcat.webp\" class=\"attachment-2048x2048 size-2048x2048 wp-image-3352\" alt=\"\" srcset=\"https:\/\/lamallemaubeugeoise.fr\/wp-content\/uploads\/2025\/05\/Dans_pas_lurcat.webp 1200w, https:\/\/lamallemaubeugeoise.fr\/wp-content\/uploads\/2025\/05\/Dans_pas_lurcat-300x150.webp 300w, https:\/\/lamallemaubeugeoise.fr\/wp-content\/uploads\/2025\/05\/Dans_pas_lurcat-1024x511.webp 1024w, https:\/\/lamallemaubeugeoise.fr\/wp-content\/uploads\/2025\/05\/Dans_pas_lurcat-768x383.webp 768w\" sizes=\"(max-width: 1200px) 100vw, 1200px\" \/><\/div>\n\t\t<\/a>\n\t\t\t\t<div class=\"elementor-post__text\">\n\t\t\t\t<h3 class=\"elementor-post__title\">\n\t\t\t<a href=\"https:\/\/lamallemaubeugeoise.fr\/index.php\/2025\/04\/30\/dans-les-pas-de-lurcat-maubeuge-2024-2025-remise-des-prix\/\" >\n\t\t\t\t\u00ab Dans les pas de Lur\u00e7at\u00a0\u00bb Maubeuge 2024-2025 \u2013 remise des prix\t\t\t<\/a>\n\t\t<\/h3>\n\t\t\t\t<div class=\"elementor-post__meta-data\">\n\t\t\t\t\t<span class=\"elementor-post-date\">\n\t\t\t30 avril 2025\t\t<\/span>\n\t\t\t\t<\/div>\n\t\t\t\t<div class=\"elementor-post__excerpt\">\n\t\t\t<p>Concours photo \u00ab\u202fDans les pas de Lur\u00e7at\u202f\u00bb : une belle mise \u00e0 l\u2019honneur des regards contemporains. La remise des prix du concours photo \u00ab\u202fDans les<\/p>\n\t\t<\/div>\n\t\t\n\t\t<a class=\"elementor-post__read-more\" href=\"https:\/\/lamallemaubeugeoise.fr\/index.php\/2025\/04\/30\/dans-les-pas-de-lurcat-maubeuge-2024-2025-remise-des-prix\/\" aria-label=\"En savoir plus sur \u00ab Dans les pas de Lur\u00e7at\u00a0\u00bb Maubeuge 2024-2025 \u2013 remise des prix\" tabindex=\"-1\" >\n\t\t\tLire la suite \u00bb\t\t<\/a>\n\n\t\t\t\t<\/div>\n\t\t\t\t<\/article>\n\t\t\t\t<article class=\"elementor-post elementor-grid-item post-3354 post type-post status-publish format-standard has-post-thumbnail hentry category-blog\" role=\"listitem\">\n\t\t\t\t<a class=\"elementor-post__thumbnail__link\" href=\"https:\/\/lamallemaubeugeoise.fr\/index.php\/2025\/04\/28\/les-journees-des-espaces-fortifies\/\" tabindex=\"-1\" >\n\t\t\t<div class=\"elementor-post__thumbnail\"><img loading=\"lazy\" decoding=\"async\" width=\"295\" height=\"370\" src=\"https:\/\/lamallemaubeugeoise.fr\/wp-content\/uploads\/2025\/05\/JEF_affiche.webp\" class=\"attachment-2048x2048 size-2048x2048 wp-image-3355\" alt=\"\" srcset=\"https:\/\/lamallemaubeugeoise.fr\/wp-content\/uploads\/2025\/05\/JEF_affiche.webp 295w, https:\/\/lamallemaubeugeoise.fr\/wp-content\/uploads\/2025\/05\/JEF_affiche-239x300.webp 239w\" sizes=\"(max-width: 295px) 100vw, 295px\" \/><\/div>\n\t\t<\/a>\n\t\t\t\t<div class=\"elementor-post__text\">\n\t\t\t\t<h3 class=\"elementor-post__title\">\n\t\t\t<a href=\"https:\/\/lamallemaubeugeoise.fr\/index.php\/2025\/04\/28\/les-journees-des-espaces-fortifies\/\" >\n\t\t\t\tLes journ\u00e9es des espaces fortifi\u00e9s\t\t\t<\/a>\n\t\t<\/h3>\n\t\t\t\t<div class=\"elementor-post__meta-data\">\n\t\t\t\t\t<span class=\"elementor-post-date\">\n\t\t\t28 avril 2025\t\t<\/span>\n\t\t\t\t<\/div>\n\t\t\t\t<div class=\"elementor-post__excerpt\">\n\t\t\t<p>Un beau succ\u00e8s pour les Journ\u00e9es des Espaces Fortifi\u00e9s \u00e0 Maubeuge ! Du 25 au 27 avril, Maubeuge a c\u00e9l\u00e9br\u00e9 son patrimoine fortifi\u00e9 \u00e0 l\u2019occasion<\/p>\n\t\t<\/div>\n\t\t\n\t\t<a class=\"elementor-post__read-more\" href=\"https:\/\/lamallemaubeugeoise.fr\/index.php\/2025\/04\/28\/les-journees-des-espaces-fortifies\/\" aria-label=\"En savoir plus sur Les journ\u00e9es des espaces fortifi\u00e9s\" tabindex=\"-1\" >\n\t\t\tLire la suite \u00bb\t\t<\/a>\n\n\t\t\t\t<\/div>\n\t\t\t\t<\/article>\n\t\t\t\t<article class=\"elementor-post elementor-grid-item post-3343 post type-post status-publish format-standard has-post-thumbnail hentry category-blog\" role=\"listitem\">\n\t\t\t\t<a class=\"elementor-post__thumbnail__link\" href=\"https:\/\/lamallemaubeugeoise.fr\/index.php\/2025\/04\/27\/concours-de-nouvelles-sur-le-theme-les-fortifications\/\" tabindex=\"-1\" >\n\t\t\t<div class=\"elementor-post__thumbnail\"><img loading=\"lazy\" decoding=\"async\" width=\"800\" height=\"1200\" src=\"https:\/\/lamallemaubeugeoise.fr\/wp-content\/uploads\/2025\/05\/Remise_prix_concours_nouvelles-scaled.webp\" class=\"attachment-2048x2048 size-2048x2048 wp-image-3347\" alt=\"\" srcset=\"https:\/\/lamallemaubeugeoise.fr\/wp-content\/uploads\/2025\/05\/Remise_prix_concours_nouvelles-scaled.webp 800w, https:\/\/lamallemaubeugeoise.fr\/wp-content\/uploads\/2025\/05\/Remise_prix_concours_nouvelles-200x300.webp 200w, https:\/\/lamallemaubeugeoise.fr\/wp-content\/uploads\/2025\/05\/Remise_prix_concours_nouvelles-683x1024.webp 683w, https:\/\/lamallemaubeugeoise.fr\/wp-content\/uploads\/2025\/05\/Remise_prix_concours_nouvelles-768x1152.webp 768w\" sizes=\"(max-width: 800px) 100vw, 800px\" \/><\/div>\n\t\t<\/a>\n\t\t\t\t<div class=\"elementor-post__text\">\n\t\t\t\t<h3 class=\"elementor-post__title\">\n\t\t\t<a href=\"https:\/\/lamallemaubeugeoise.fr\/index.php\/2025\/04\/27\/concours-de-nouvelles-sur-le-theme-les-fortifications\/\" >\n\t\t\t\tConcours de nouvelles sur le th\u00e8me \u00ab les fortifications \u00bb\t\t\t<\/a>\n\t\t<\/h3>\n\t\t\t\t<div class=\"elementor-post__meta-data\">\n\t\t\t\t\t<span class=\"elementor-post-date\">\n\t\t\t27 avril 2025\t\t<\/span>\n\t\t\t\t<\/div>\n\t\t\t\t<div class=\"elementor-post__excerpt\">\n\t\t\t<p>La 4e \u00e9dition du Printemps Litt\u00e9raire Maubeugeois a permis aux jeunes auteurs en herbe de laisser libre cours \u00e0 leur cr\u00e9ativit\u00e9. A l\u2019occasion de la<\/p>\n\t\t<\/div>\n\t\t\n\t\t<a class=\"elementor-post__read-more\" href=\"https:\/\/lamallemaubeugeoise.fr\/index.php\/2025\/04\/27\/concours-de-nouvelles-sur-le-theme-les-fortifications\/\" aria-label=\"En savoir plus sur Concours de nouvelles sur le th\u00e8me \u00ab les fortifications \u00bb\" tabindex=\"-1\" >\n\t\t\tLire la suite \u00bb\t\t<\/a>\n\n\t\t\t\t<\/div>\n\t\t\t\t<\/article>\n\t\t\t\t<\/div>\n\t\t\n\t\t\t\t\t\t<\/div>\n\t\t\t\t<\/div>\n\t\t\t\t\t<\/div>\n\t\t<\/div>\n\t\t\t\t\t<\/div>\n\t\t<\/section>\n\t\t\t\t<\/div>\n\t\t","protected":false},"excerpt":{"rendered":"<p>Actualit\u00e9s<\/p>\n","protected":false},"author":1,"featured_media":0,"parent":0,"menu_order":0,"comment_status":"closed","ping_status":"closed","template":"elementor_header_footer","meta":{"footnotes":""},"class_list":["post-88","page","type-page","status-publish","hentry"],"yoast_head":"<!-- This site is optimized with the Yoast SEO plugin v27.2 - https:\/\/yoast.com\/product\/yoast-seo-wordpress\/ -->\n<title>Actualit\u00e9s - Patrimoine de Maubeuge<\/title>\n<meta name=\"description\" content=\"Retrouvez ici toutes les actualit\u00e9s du Mus\u00e9e, des Archives et du patrimoine de Maubeuge. En savoir plus...\" \/>\n<meta name=\"robots\" content=\"index, follow, max-snippet:-1, max-image-preview:large, max-video-preview:-1\" \/>\n<link rel=\"canonical\" href=\"https:\/\/lamallemaubeugeoise.fr\/index.php\/actualites\/\" \/>\n<meta property=\"og:locale\" content=\"fr_FR\" \/>\n<meta property=\"og:type\" content=\"article\" \/>\n<meta property=\"og:title\" content=\"Actualit\u00e9s - Patrimoine de Maubeuge\" \/>\n<meta property=\"og:description\" content=\"Retrouvez ici toutes les actualit\u00e9s du Mus\u00e9e, des Archives et du patrimoine de Maubeuge. En savoir plus...\" \/>\n<meta property=\"og:url\" content=\"https:\/\/lamallemaubeugeoise.fr\/index.php\/actualites\/\" \/>\n<meta property=\"og:site_name\" content=\"La Malle maubeugeoise\" \/>\n<meta property=\"article:publisher\" content=\"https:\/\/www.facebook.com\/VilledeMaubeuge\" \/>\n<meta property=\"article:modified_time\" content=\"2023-01-20T08:42:42+00:00\" \/>\n<meta name=\"twitter:card\" content=\"summary_large_image\" \/>\n<meta name=\"twitter:site\" content=\"@VilleMaubeuge\" \/>\n<meta name=\"twitter:label1\" content=\"Dur\u00e9e de lecture estim\u00e9e\" \/>\n\t<meta name=\"twitter:data1\" content=\"1 minute\" \/>\n<script type=\"application\/ld+json\" class=\"yoast-schema-graph\">{\"@context\":\"https:\/\/schema.org\",\"@graph\":[{\"@type\":\"WebPage\",\"@id\":\"https:\/\/lamallemaubeugeoise.fr\/index.php\/actualites\/\",\"url\":\"https:\/\/lamallemaubeugeoise.fr\/index.php\/actualites\/\",\"name\":\"Actualit\u00e9s - Patrimoine de Maubeuge\",\"isPartOf\":{\"@id\":\"https:\/\/lamallemaubeugeoise.fr\/#website\"},\"datePublished\":\"2022-09-10T09:09:07+00:00\",\"dateModified\":\"2023-01-20T08:42:42+00:00\",\"description\":\"Retrouvez ici toutes les actualit\u00e9s du Mus\u00e9e, des Archives et du patrimoine de Maubeuge. En savoir plus...\",\"breadcrumb\":{\"@id\":\"https:\/\/lamallemaubeugeoise.fr\/index.php\/actualites\/#breadcrumb\"},\"inLanguage\":\"fr-FR\",\"potentialAction\":[{\"@type\":\"ReadAction\",\"target\":[\"https:\/\/lamallemaubeugeoise.fr\/index.php\/actualites\/\"]}]},{\"@type\":\"BreadcrumbList\",\"@id\":\"https:\/\/lamallemaubeugeoise.fr\/index.php\/actualites\/#breadcrumb\",\"itemListElement\":[{\"@type\":\"ListItem\",\"position\":1,\"name\":\"Accueil\",\"item\":\"https:\/\/lamallemaubeugeoise.fr\/\"},{\"@type\":\"ListItem\",\"position\":2,\"name\":\"Actualit\u00e9s\"}]},{\"@type\":\"WebSite\",\"@id\":\"https:\/\/lamallemaubeugeoise.fr\/#website\",\"url\":\"https:\/\/lamallemaubeugeoise.fr\/\",\"name\":\"La Malle maubeugeoise\",\"description\":\"\",\"publisher\":{\"@id\":\"https:\/\/lamallemaubeugeoise.fr\/#organization\"},\"potentialAction\":[{\"@type\":\"SearchAction\",\"target\":{\"@type\":\"EntryPoint\",\"urlTemplate\":\"https:\/\/lamallemaubeugeoise.fr\/?s={search_term_string}\"},\"query-input\":{\"@type\":\"PropertyValueSpecification\",\"valueRequired\":true,\"valueName\":\"search_term_string\"}}],\"inLanguage\":\"fr-FR\"},{\"@type\":\"Organization\",\"@id\":\"https:\/\/lamallemaubeugeoise.fr\/#organization\",\"name\":\"La Malle maubeugeoise\",\"url\":\"https:\/\/lamallemaubeugeoise.fr\/\",\"logo\":{\"@type\":\"ImageObject\",\"inLanguage\":\"fr-FR\",\"@id\":\"https:\/\/lamallemaubeugeoise.fr\/#\/schema\/logo\/image\/\",\"url\":\"https:\/\/lamallemaubeugeoise.fr\/wp-content\/uploads\/2022\/09\/logo_culture.png\",\"contentUrl\":\"https:\/\/lamallemaubeugeoise.fr\/wp-content\/uploads\/2022\/09\/logo_culture.png\",\"width\":500,\"height\":270,\"caption\":\"La Malle maubeugeoise\"},\"image\":{\"@id\":\"https:\/\/lamallemaubeugeoise.fr\/#\/schema\/logo\/image\/\"},\"sameAs\":[\"https:\/\/www.facebook.com\/VilledeMaubeuge\",\"https:\/\/x.com\/VilleMaubeuge\",\"https:\/\/www.instagram.com\/villedemaubeuge\/\",\"https:\/\/www.linkedin.com\/company\/42902618\/admin\/\",\"https:\/\/www.youtube.com\/channel\/UCqOferEXg9bqKz_6mzrxN4w\",\"https:\/\/t.me\/villeMaubeuge\"]}]}<\/script>\n<!-- \/ Yoast SEO plugin. -->","yoast_head_json":{"title":"Actualit\u00e9s - Patrimoine de Maubeuge","description":"Retrouvez ici toutes les actualit\u00e9s du Mus\u00e9e, des Archives et du patrimoine de Maubeuge. En savoir plus...","robots":{"index":"index","follow":"follow","max-snippet":"max-snippet:-1","max-image-preview":"max-image-preview:large","max-video-preview":"max-video-preview:-1"},"canonical":"https:\/\/lamallemaubeugeoise.fr\/index.php\/actualites\/","og_locale":"fr_FR","og_type":"article","og_title":"Actualit\u00e9s - Patrimoine de Maubeuge","og_description":"Retrouvez ici toutes les actualit\u00e9s du Mus\u00e9e, des Archives et du patrimoine de Maubeuge. En savoir plus...","og_url":"https:\/\/lamallemaubeugeoise.fr\/index.php\/actualites\/","og_site_name":"La Malle maubeugeoise","article_publisher":"https:\/\/www.facebook.com\/VilledeMaubeuge","article_modified_time":"2023-01-20T08:42:42+00:00","twitter_card":"summary_large_image","twitter_site":"@VilleMaubeuge","twitter_misc":{"Dur\u00e9e de lecture estim\u00e9e":"1 minute"},"schema":{"@context":"https:\/\/schema.org","@graph":[{"@type":"WebPage","@id":"https:\/\/lamallemaubeugeoise.fr\/index.php\/actualites\/","url":"https:\/\/lamallemaubeugeoise.fr\/index.php\/actualites\/","name":"Actualit\u00e9s - Patrimoine de Maubeuge","isPartOf":{"@id":"https:\/\/lamallemaubeugeoise.fr\/#website"},"datePublished":"2022-09-10T09:09:07+00:00","dateModified":"2023-01-20T08:42:42+00:00","description":"Retrouvez ici toutes les actualit\u00e9s du Mus\u00e9e, des Archives et du patrimoine de Maubeuge. En savoir plus...","breadcrumb":{"@id":"https:\/\/lamallemaubeugeoise.fr\/index.php\/actualites\/#breadcrumb"},"inLanguage":"fr-FR","potentialAction":[{"@type":"ReadAction","target":["https:\/\/lamallemaubeugeoise.fr\/index.php\/actualites\/"]}]},{"@type":"BreadcrumbList","@id":"https:\/\/lamallemaubeugeoise.fr\/index.php\/actualites\/#breadcrumb","itemListElement":[{"@type":"ListItem","position":1,"name":"Accueil","item":"https:\/\/lamallemaubeugeoise.fr\/"},{"@type":"ListItem","position":2,"name":"Actualit\u00e9s"}]},{"@type":"WebSite","@id":"https:\/\/lamallemaubeugeoise.fr\/#website","url":"https:\/\/lamallemaubeugeoise.fr\/","name":"La Malle maubeugeoise","description":"","publisher":{"@id":"https:\/\/lamallemaubeugeoise.fr\/#organization"},"potentialAction":[{"@type":"SearchAction","target":{"@type":"EntryPoint","urlTemplate":"https:\/\/lamallemaubeugeoise.fr\/?s={search_term_string}"},"query-input":{"@type":"PropertyValueSpecification","valueRequired":true,"valueName":"search_term_string"}}],"inLanguage":"fr-FR"},{"@type":"Organization","@id":"https:\/\/lamallemaubeugeoise.fr\/#organization","name":"La Malle maubeugeoise","url":"https:\/\/lamallemaubeugeoise.fr\/","logo":{"@type":"ImageObject","inLanguage":"fr-FR","@id":"https:\/\/lamallemaubeugeoise.fr\/#\/schema\/logo\/image\/","url":"https:\/\/lamallemaubeugeoise.fr\/wp-content\/uploads\/2022\/09\/logo_culture.png","contentUrl":"https:\/\/lamallemaubeugeoise.fr\/wp-content\/uploads\/2022\/09\/logo_culture.png","width":500,"height":270,"caption":"La Malle maubeugeoise"},"image":{"@id":"https:\/\/lamallemaubeugeoise.fr\/#\/schema\/logo\/image\/"},"sameAs":["https:\/\/www.facebook.com\/VilledeMaubeuge","https:\/\/x.com\/VilleMaubeuge","https:\/\/www.instagram.com\/villedemaubeuge\/","https:\/\/www.linkedin.com\/company\/42902618\/admin\/","https:\/\/www.youtube.com\/channel\/UCqOferEXg9bqKz_6mzrxN4w","https:\/\/t.me\/villeMaubeuge"]}]}},"_links":{"self":[{"href":"https:\/\/lamallemaubeugeoise.fr\/index.php\/wp-json\/wp\/v2\/pages\/88","targetHints":{"allow":["GET"]}}],"collection":[{"href":"https:\/\/lamallemaubeugeoise.fr\/index.php\/wp-json\/wp\/v2\/pages"}],"about":[{"href":"https:\/\/lamallemaubeugeoise.fr\/index.php\/wp-json\/wp\/v2\/types\/page"}],"author":[{"embeddable":true,"href":"https:\/\/lamallemaubeugeoise.fr\/index.php\/wp-json\/wp\/v2\/users\/1"}],"replies":[{"embeddable":true,"href":"https:\/\/lamallemaubeugeoise.fr\/index.php\/wp-json\/wp\/v2\/comments?post=88"}],"version-history":[{"count":40,"href":"https:\/\/lamallemaubeugeoise.fr\/index.php\/wp-json\/wp\/v2\/pages\/88\/revisions"}],"predecessor-version":[{"id":2589,"href":"https:\/\/lamallemaubeugeoise.fr\/index.php\/wp-json\/wp\/v2\/pages\/88\/revisions\/2589"}],"wp:attachment":[{"href":"https:\/\/lamallemaubeugeoise.fr\/index.php\/wp-json\/wp\/v2\/media?parent=88"}],"curies":[{"name":"wp","href":"https:\/\/api.w.org\/{rel}","templated":true}]}}